{"id":86,"date":"2018-04-16T22:33:05","date_gmt":"2018-04-16T22:33:05","guid":{"rendered":"http:\/\/framemuseums.org\/?page_id=86"},"modified":"2026-01-26T10:39:58","modified_gmt":"2026-01-26T15:39:58","slug":"leadership","status":"publish","type":"page","link":"https:\/\/framemuseums.org\/fr\/leadership\/","title":{"rendered":"Leadership Team"},"content":{"rendered":"<div data-elementor-type=\"wp-page\" data-elementor-id=\"86\" class=\"elementor elementor-86\" data-elementor-post-type=\"page\">\n\t\t\t\t\t\t<section class=\"elementor-section elementor-top-section elementor-element elementor-element-5344c6b3 elementor-section-boxed elementor-section-height-default elementor-section-height-default\" data-id=\"5344c6b3\" data-element_type=\"section\">\n\t\t\t\t\t\t<div class=\"elementor-container elementor-column-gap-default\">\n\t\t\t\t\t<div class=\"elementor-column elementor-col-50 elementor-top-column elementor-element elementor-element-4481a417\" data-id=\"4481a417\" data-element_type=\"column\">\n\t\t\t<div class=\"elementor-widget-wrap elementor-element-populated\">\n\t\t\t\t\t\t<div class=\"elementor-element elementor-element-b2e3ad1 elementor-widget elementor-widget-menu-anchor\" data-id=\"b2e3ad1\" data-element_type=\"widget\" data-widget_type=\"menu-anchor.default\">\n\t\t\t\t<div class=\"elementor-widget-container\">\n\t\t\t\t\t\t\t<div class=\"elementor-menu-anchor\" id=\"officers\"><\/div>\n\t\t\t\t\t\t<\/div>\n\t\t\t\t<\/div>\n\t\t\t\t<div class=\"elementor-element elementor-element-cb34b27 elementor-widget elementor-widget-heading\" data-id=\"cb34b27\" data-element_type=\"widget\" data-widget_type=\"heading.default\">\n\t\t\t\t<div class=\"elementor-widget-container\">\n\t\t\t\t\t<h2 class=\"elementor-heading-title elementor-size-default\">Officers of the Board<\/h2>\t\t\t\t<\/div>\n\t\t\t\t<\/div>\n\t\t\t\t<div class=\"elementor-element elementor-element-35914cd8 elementor-widget elementor-widget-text-editor\" data-id=\"35914cd8\" data-element_type=\"widget\" data-widget_type=\"text-editor.default\">\n\t\t\t\t<div class=\"elementor-widget-container\">\n\t\t\t\t\t\t\t\t\t<p><strong>William Beekman<\/strong>,\u00a0 Co-President, FRAME\u00a0North America<br \/><b>Christelle Creff<\/b>, Co-President, FRAME France and\u00a0Cheffe du service des mus\u00e9es de France<br \/><strong>Davin Staats<\/strong>, Treasurer<br \/><b>Ronna Tulgan Ostheimer,<\/b> Secretary<br \/><br \/><\/p>\t\t\t\t\t\t\t\t<\/div>\n\t\t\t\t<\/div>\n\t\t\t\t<div class=\"elementor-element elementor-element-a50de74 elementor-widget elementor-widget-heading\" data-id=\"a50de74\" data-element_type=\"widget\" data-widget_type=\"heading.default\">\n\t\t\t\t<div class=\"elementor-widget-container\">\n\t\t\t\t\t<h2 class=\"elementor-heading-title elementor-size-default\">Board of Directors<\/h2>\t\t\t\t<\/div>\n\t\t\t\t<\/div>\n\t\t\t\t<div class=\"elementor-element elementor-element-fc252a1 elementor-widget elementor-widget-text-editor\" data-id=\"fc252a1\" data-element_type=\"widget\" data-widget_type=\"text-editor.default\">\n\t\t\t\t<div class=\"elementor-widget-container\">\n\t\t\t\t\t\t\t\t\t<p><strong>Aur\u00e9lie Albajar<\/strong>, Head of the Education Department, Mus\u00e9e des Augustins de Toulouse<br \/><strong>Richard Dagorne<\/strong>, Director and Conservateur in Chief, Mus\u00e9es de la Ville\u00a0 de Nancy<br \/><strong>Christoph Heinrich<\/strong>, Director, Denver Art Museum<br \/><strong>Annick Lemoine<\/strong>, Director and Curator in Chief, Petit Palais, Mus\u00e9e des Beaux-Art de la Ville de Paris<br \/><strong>Katie Luber<\/strong>, Director and President, Minneapolis Institute of Art<br \/><strong>Nicolas Misery<\/strong>,\u00a0Director, Mus\u00e9es de Marseille<br \/><strong>Gary Tinterow<\/strong>, Director and The Margaret Alkek Williams Chair, The Museum of Fine Arts, Houston<br \/><b>Ms. Lisa Trulaske<\/b>\u00a0<br \/><strong>Ronna Tulgan Ostheimer<\/strong>, Director of Education, Sterling and Francine Clark Art Institute, Williamstown<br \/><strong>Aur\u00e9lie Voltz<\/strong>, Director, Mus\u00e9e d&#8217;Art Moderne et Contemporain de Saint \u00c9tienne<br \/><strong>Juli\u00e1n Zugazagoitia<\/strong>, Director and CEO, Nelson-Atkins Art Museum<\/p>\t\t\t\t\t\t\t\t<\/div>\n\t\t\t\t<\/div>\n\t\t\t\t<div class=\"elementor-element elementor-element-3b8a31a elementor-widget elementor-widget-heading\" data-id=\"3b8a31a\" data-element_type=\"widget\" data-widget_type=\"heading.default\">\n\t\t\t\t<div class=\"elementor-widget-container\">\n\t\t\t\t\t<h2 class=\"elementor-heading-title elementor-size-default\">Philanthropic Directors<\/h2>\t\t\t\t<\/div>\n\t\t\t\t<\/div>\n\t\t\t\t<div class=\"elementor-element elementor-element-8094752 elementor-widget elementor-widget-text-editor\" data-id=\"8094752\" data-element_type=\"widget\" data-widget_type=\"text-editor.default\">\n\t\t\t\t<div class=\"elementor-widget-container\">\n\t\t\t\t\t\t\t\t\t<p><strong>William Beekman<\/strong><br \/><strong>Constance Goodyear Baron<\/strong><br \/><strong>Joy Dinsdale<\/strong><br \/><strong>Alva Greenberg<\/strong><br \/><strong>Robert Levine<\/strong><br \/><strong>Hans Miller<\/strong><br \/><strong>Samuel Seymour<\/strong><br \/><strong>Davin Staats<\/strong><br \/><strong>Dorothy Stapleton<\/strong><br \/><strong>Mary Wolf<\/strong><br \/><strong>Gary Wolff<\/strong><\/p>\t\t\t\t\t\t\t\t<\/div>\n\t\t\t\t<\/div>\n\t\t\t\t<div class=\"elementor-element elementor-element-00d34a5 elementor-widget elementor-widget-heading\" data-id=\"00d34a5\" data-element_type=\"widget\" data-widget_type=\"heading.default\">\n\t\t\t\t<div class=\"elementor-widget-container\">\n\t\t\t\t\t<h2 class=\"elementor-heading-title elementor-size-default\">Honorary Directors<\/h2>\t\t\t\t<\/div>\n\t\t\t\t<\/div>\n\t\t\t\t<div class=\"elementor-element elementor-element-0dc1c5f elementor-widget elementor-widget-text-editor\" data-id=\"0dc1c5f\" data-element_type=\"widget\" data-widget_type=\"text-editor.default\">\n\t\t\t\t<div class=\"elementor-widget-container\">\n\t\t\t\t\t\t\t\t\t<p><strong>Marie-Christine Labourdette<\/strong><br \/><strong>Philippe de Montebello<\/strong><br \/><strong>Pierre Rosenberg<\/strong><\/p>\t\t\t\t\t\t\t\t<\/div>\n\t\t\t\t<\/div>\n\t\t\t\t\t<\/div>\n\t\t<\/div>\n\t\t\t\t<div class=\"elementor-column elementor-col-50 elementor-top-column elementor-element elementor-element-de44aaf\" data-id=\"de44aaf\" data-element_type=\"column\">\n\t\t\t<div class=\"elementor-widget-wrap elementor-element-populated\">\n\t\t\t\t\t\t<div class=\"elementor-element elementor-element-e74cb91 elementor-widget elementor-widget-image\" data-id=\"e74cb91\" data-element_type=\"widget\" data-widget_type=\"image.default\">\n\t\t\t\t<div class=\"elementor-widget-container\">\n\t\t\t\t\t\t\t\t\t\t\t\t<figure class=\"wp-caption\">\n\t\t\t\t\t\t\t\t\t\t<img fetchpriority=\"high\" decoding=\"async\" width=\"1600\" height=\"812\" src=\"https:\/\/framemuseums.org\/new\/wp-content\/uploads\/2024\/04\/Screenshot-2024-04-26-at-3.24.49\u202fPM.png\" class=\"attachment-full size-full wp-image-5176\" alt=\"\" srcset=\"https:\/\/framemuseums.org\/new\/wp-content\/uploads\/2024\/04\/Screenshot-2024-04-26-at-3.24.49\u202fPM.png 1600w, https:\/\/framemuseums.org\/new\/wp-content\/uploads\/2024\/04\/Screenshot-2024-04-26-at-3.24.49\u202fPM-300x152.png 300w, https:\/\/framemuseums.org\/new\/wp-content\/uploads\/2024\/04\/Screenshot-2024-04-26-at-3.24.49\u202fPM-1024x520.png 1024w, https:\/\/framemuseums.org\/new\/wp-content\/uploads\/2024\/04\/Screenshot-2024-04-26-at-3.24.49\u202fPM-768x390.png 768w, https:\/\/framemuseums.org\/new\/wp-content\/uploads\/2024\/04\/Screenshot-2024-04-26-at-3.24.49\u202fPM-1536x780.png 1536w, https:\/\/framemuseums.org\/new\/wp-content\/uploads\/2024\/04\/Screenshot-2024-04-26-at-3.24.49\u202fPM-18x9.png 18w\" sizes=\"(max-width: 1600px) 100vw, 1600px\" \/>\t\t\t\t\t\t\t\t\t\t\t<figcaption class=\"widget-image-caption wp-caption-text\">Christelle Creff and William Beekman, FRAME Co-Presidents, Houston 2023. Photo by Daniel Ortiz.<\/figcaption>\n\t\t\t\t\t\t\t\t\t\t<\/figure>\n\t\t\t\t\t\t\t\t\t<\/div>\n\t\t\t\t<\/div>\n\t\t\t\t<div class=\"elementor-element elementor-element-1ab76f6 elementor-widget elementor-widget-spacer\" data-id=\"1ab76f6\" data-element_type=\"widget\" data-widget_type=\"spacer.default\">\n\t\t\t\t<div class=\"elementor-widget-container\">\n\t\t\t\t\t\t\t<div class=\"elementor-spacer\">\n\t\t\t<div class=\"elementor-spacer-inner\"><\/div>\n\t\t<\/div>\n\t\t\t\t\t\t<\/div>\n\t\t\t\t<\/div>\n\t\t\t\t<div class=\"elementor-element elementor-element-80d3da9 elementor-widget elementor-widget-heading\" data-id=\"80d3da9\" data-element_type=\"widget\" data-widget_type=\"heading.default\">\n\t\t\t\t<div class=\"elementor-widget-container\">\n\t\t\t\t\t<h2 class=\"elementor-heading-title elementor-size-default\">Executive Directors<\/h2>\t\t\t\t<\/div>\n\t\t\t\t<\/div>\n\t\t\t\t<div class=\"elementor-element elementor-element-d8db65f elementor-widget elementor-widget-text-editor\" data-id=\"d8db65f\" data-element_type=\"widget\" data-widget_type=\"text-editor.default\">\n\t\t\t\t<div class=\"elementor-widget-container\">\n\t\t\t\t\t\t\t\t\t<p><strong>\u00c9milie Vanhaesebroucke<\/strong>, Executive Director, FRAME France<br \/><strong>Caite Panzer<\/strong>, Executive Director, FRAME North America<\/p>\t\t\t\t\t\t\t\t<\/div>\n\t\t\t\t<\/div>\n\t\t\t\t<div class=\"elementor-element elementor-element-48aa373 elementor-widget elementor-widget-spacer\" data-id=\"48aa373\" data-element_type=\"widget\" data-widget_type=\"spacer.default\">\n\t\t\t\t<div class=\"elementor-widget-container\">\n\t\t\t\t\t\t\t<div class=\"elementor-spacer\">\n\t\t\t<div class=\"elementor-spacer-inner\"><\/div>\n\t\t<\/div>\n\t\t\t\t\t\t<\/div>\n\t\t\t\t<\/div>\n\t\t\t\t<div class=\"elementor-element elementor-element-adacf9b elementor-widget elementor-widget-heading\" data-id=\"adacf9b\" data-element_type=\"widget\" data-widget_type=\"heading.default\">\n\t\t\t\t<div class=\"elementor-widget-container\">\n\t\t\t\t\t<h2 class=\"elementor-heading-title elementor-size-default\">Program Advisors<\/h2>\t\t\t\t<\/div>\n\t\t\t\t<\/div>\n\t\t\t\t<div class=\"elementor-element elementor-element-07d8c96 elementor-widget elementor-widget-text-editor\" data-id=\"07d8c96\" data-element_type=\"widget\" data-widget_type=\"text-editor.default\">\n\t\t\t\t<div class=\"elementor-widget-container\">\n\t\t\t\t\t\t\t\t\t<p><b>Paul Lang,\u00a0<\/b> Program Advisor, FRAME France<br \/><b>Susan Talbott<\/b>, Program Advisor, FRAME North America<\/p>\t\t\t\t\t\t\t\t<\/div>\n\t\t\t\t<\/div>\n\t\t\t\t<div class=\"elementor-element elementor-element-16b65d0 elementor-widget elementor-widget-spacer\" data-id=\"16b65d0\" data-element_type=\"widget\" data-widget_type=\"spacer.default\">\n\t\t\t\t<div class=\"elementor-widget-container\">\n\t\t\t\t\t\t\t<div class=\"elementor-spacer\">\n\t\t\t<div class=\"elementor-spacer-inner\"><\/div>\n\t\t<\/div>\n\t\t\t\t\t\t<\/div>\n\t\t\t\t<\/div>\n\t\t\t\t<div class=\"elementor-element elementor-element-2425bac elementor-widget elementor-widget-heading\" data-id=\"2425bac\" data-element_type=\"widget\" data-widget_type=\"heading.default\">\n\t\t\t\t<div class=\"elementor-widget-container\">\n\t\t\t\t\t<h2 class=\"elementor-heading-title elementor-size-default\">Education Advisors<\/h2>\t\t\t\t<\/div>\n\t\t\t\t<\/div>\n\t\t\t\t<div class=\"elementor-element elementor-element-bfe3063 elementor-widget elementor-widget-text-editor\" data-id=\"bfe3063\" data-element_type=\"widget\" data-widget_type=\"text-editor.default\">\n\t\t\t\t<div class=\"elementor-widget-container\">\n\t\t\t\t\t\t\t\t\t<p><span style=\"color: #cc5823; font-size: 14pt;\"><strong>For France<\/strong><\/span><br \/><strong>Aur\u00e9lie Albajar<\/strong>, Education Advisor<br \/>Head of Education Department, Mus\u00e9e des Augustins, Toulouse<\/p><p><span style=\"color: #cc5823; font-size: 14pt;\"><strong>For North America<\/strong><\/span><br \/><strong>Ronna Tulgan Ostheimer<\/strong>, Education Advisor<br \/>Director of Education, The Clark Art Institute Williamstown, MA<\/p>\t\t\t\t\t\t\t\t<\/div>\n\t\t\t\t<\/div>\n\t\t\t\t\t<\/div>\n\t\t<\/div>\n\t\t\t\t\t<\/div>\n\t\t<\/section>\n\t\t\t\t<section class=\"elementor-section elementor-top-section elementor-element elementor-element-89b4690 elementor-section-boxed elementor-section-height-default elementor-section-height-default\" data-id=\"89b4690\" data-element_type=\"section\">\n\t\t\t\t\t\t<div class=\"elementor-container elementor-column-gap-default\">\n\t\t\t\t\t<div class=\"elementor-column elementor-col-100 elementor-top-column elementor-element elementor-element-c200e2b\" data-id=\"c200e2b\" data-element_type=\"column\">\n\t\t\t<div class=\"elementor-widget-wrap\">\n\t\t\t\t\t\t\t<\/div>\n\t\t<\/div>\n\t\t\t\t\t<\/div>\n\t\t<\/section>\n\t\t\t\t<\/div>","protected":false},"excerpt":{"rendered":"<p>Officers of the Board William Beekman,\u00a0 Co-President, FRAME\u00a0North AmericaChristelle Creff, Co-President, FRAME France and\u00a0Cheffe du service des mus\u00e9es de FranceDavin Staats, TreasurerRonna Tulgan Ostheimer, Secretary Board of Directors Aur\u00e9lie Albajar, Head of the Education Department, Mus\u00e9e des Augustins de ToulouseRichard Dagorne, Director and Conservateur in Chief, Mus\u00e9es de la Ville\u00a0 de NancyChristoph Heinrich, Director, Denver [&hellip;]<\/p>\n","protected":false},"author":86,"featured_media":0,"parent":0,"menu_order":0,"comment_status":"closed","ping_status":"closed","template":"","meta":{"_exactmetrics_skip_tracking":false,"_exactmetrics_sitenote_active":false,"_exactmetrics_sitenote_note":"","_exactmetrics_sitenote_category":0,"footnotes":""},"class_list":["post-86","page","type-page","status-publish","hentry"],"aioseo_notices":[],"_links":{"self":[{"href":"https:\/\/framemuseums.org\/fr\/wp-json\/wp\/v2\/pages\/86","targetHints":{"allow":["GET"]}}],"collection":[{"href":"https:\/\/framemuseums.org\/fr\/wp-json\/wp\/v2\/pages"}],"about":[{"href":"https:\/\/framemuseums.org\/fr\/wp-json\/wp\/v2\/types\/page"}],"author":[{"embeddable":true,"href":"https:\/\/framemuseums.org\/fr\/wp-json\/wp\/v2\/users\/86"}],"replies":[{"embeddable":true,"href":"https:\/\/framemuseums.org\/fr\/wp-json\/wp\/v2\/comments?post=86"}],"version-history":[{"count":169,"href":"https:\/\/framemuseums.org\/fr\/wp-json\/wp\/v2\/pages\/86\/revisions"}],"predecessor-version":[{"id":6076,"href":"https:\/\/framemuseums.org\/fr\/wp-json\/wp\/v2\/pages\/86\/revisions\/6076"}],"wp:attachment":[{"href":"https:\/\/framemuseums.org\/fr\/wp-json\/wp\/v2\/media?parent=86"}],"curies":[{"name":"wp","href":"https:\/\/api.w.org\/{rel}","templated":true}]}}