{"id":3940,"date":"2021-04-21T17:08:00","date_gmt":"2021-04-21T21:08:00","guid":{"rendered":"https:\/\/framemuseums.org\/?page_id=3940"},"modified":"2025-02-14T12:49:17","modified_gmt":"2025-02-14T17:49:17","slug":"frameworks","status":"publish","type":"page","link":"https:\/\/framemuseums.org\/fr\/frameworks\/","title":{"rendered":"FRAMEworks"},"content":{"rendered":"<div data-elementor-type=\"wp-page\" data-elementor-id=\"3940\" class=\"elementor elementor-3940\" data-elementor-post-type=\"page\">\n\t\t\t\t\t\t<section class=\"elementor-section elementor-top-section elementor-element elementor-element-f174862 elementor-section-boxed elementor-section-height-default elementor-section-height-default\" data-id=\"f174862\" data-element_type=\"section\">\n\t\t\t\t\t\t<div class=\"elementor-container elementor-column-gap-default\">\n\t\t\t\t\t<div class=\"elementor-column elementor-col-100 elementor-top-column elementor-element elementor-element-fe0d4db\" data-id=\"fe0d4db\" data-element_type=\"column\">\n\t\t\t<div class=\"elementor-widget-wrap elementor-element-populated\">\n\t\t\t\t\t\t<div class=\"elementor-element elementor-element-fa3bd3f elementor-widget elementor-widget-text-editor\" data-id=\"fa3bd3f\" data-element_type=\"widget\" data-widget_type=\"text-editor.default\">\n\t\t\t\t<div class=\"elementor-widget-container\">\n\t\t\t\t\t\t\t\t\t<p>\u201cFRAMEworks\u201d are a series of deliverables that promote the innovative ways that transatlantic cultural dialogue and international collaborations can benefit museums of the 21st century.<\/p><p>Through these useful tools, FRAME professionals share their recommendations and practical advice drawn from partnerships among member museums in the extensive FRAME network of intellectual resources on both sides of the Atlantic.<\/p><p>FRAME encourages these professional exchanges among museum staff in its network and provides the catalytic support necessary for research and the development of a wide array of groundbreaking projects and programs.<\/p><p>Depending on subjects, needs and wills determined by the members, \u201cFRAMEworks\u201d can include:<\/p><ul><li>Lectures; panel discussions; workshops; articles; online guides; catalogues, etc.<\/li><li>They can give rise to virtual or in-person seminars; study days; symposiums.<\/li><li>They are accessible to FRAME members and to a general audience.<\/li><\/ul>\t\t\t\t\t\t\t\t<\/div>\n\t\t\t\t<\/div>\n\t\t\t\t<div class=\"elementor-element elementor-element-a4aebec elementor-widget elementor-widget-spacer\" data-id=\"a4aebec\" data-element_type=\"widget\" data-widget_type=\"spacer.default\">\n\t\t\t\t<div class=\"elementor-widget-container\">\n\t\t\t\t\t\t\t<div class=\"elementor-spacer\">\n\t\t\t<div class=\"elementor-spacer-inner\"><\/div>\n\t\t<\/div>\n\t\t\t\t\t\t<\/div>\n\t\t\t\t<\/div>\n\t\t\t\t\t<\/div>\n\t\t<\/div>\n\t\t\t\t\t<\/div>\n\t\t<\/section>\n\t\t\t\t<section class=\"elementor-section elementor-top-section elementor-element elementor-element-9eddabd elementor-section-boxed elementor-section-height-default elementor-section-height-default\" data-id=\"9eddabd\" data-element_type=\"section\">\n\t\t\t\t\t\t<div class=\"elementor-container elementor-column-gap-default\">\n\t\t\t\t\t<div class=\"elementor-column elementor-col-100 elementor-top-column elementor-element elementor-element-2ec3435\" data-id=\"2ec3435\" data-element_type=\"column\">\n\t\t\t<div class=\"elementor-widget-wrap elementor-element-populated\">\n\t\t\t\t\t\t<div class=\"elementor-element elementor-element-7156ffb elementor-grid-3 elementor-grid-tablet-2 elementor-grid-mobile-1 elementor-posts--thumbnail-top elementor-widget elementor-widget-posts\" data-id=\"7156ffb\" data-element_type=\"widget\" data-settings=\"{&quot;pagination_type&quot;:&quot;numbers&quot;,&quot;classic_columns&quot;:&quot;3&quot;,&quot;classic_columns_tablet&quot;:&quot;2&quot;,&quot;classic_columns_mobile&quot;:&quot;1&quot;,&quot;classic_row_gap&quot;:{&quot;unit&quot;:&quot;px&quot;,&quot;size&quot;:35,&quot;sizes&quot;:[]},&quot;classic_row_gap_tablet&quot;:{&quot;unit&quot;:&quot;px&quot;,&quot;size&quot;:&quot;&quot;,&quot;sizes&quot;:[]},&quot;classic_row_gap_mobile&quot;:{&quot;unit&quot;:&quot;px&quot;,&quot;size&quot;:&quot;&quot;,&quot;sizes&quot;:[]}}\" data-widget_type=\"posts.classic\">\n\t\t\t\t<div class=\"elementor-widget-container\">\n\t\t\t\t\t\t\t<div class=\"elementor-posts-container elementor-posts elementor-posts--skin-classic elementor-grid\" role=\"list\">\n\t\t\t\t<article class=\"elementor-post elementor-grid-item post-3983 post type-post status-publish format-standard has-post-thumbnail hentry category-frameworks\" role=\"listitem\">\n\t\t\t\t<a class=\"elementor-post__thumbnail__link\" href=\"https:\/\/framemuseums.org\/fr\/framework-guide-museal-pour-laccueil-des-personnes-autistes\/\" tabindex=\"-1\" >\n\t\t\t<div class=\"elementor-post__thumbnail\"><img fetchpriority=\"high\" decoding=\"async\" width=\"233\" height=\"300\" src=\"https:\/\/framemuseums.org\/new\/wp-content\/uploads\/2021\/04\/Cover-FRAMEwork-French-version-1-233x300.jpeg\" class=\"attachment-medium size-medium wp-image-3984\" alt=\"\" srcset=\"https:\/\/framemuseums.org\/new\/wp-content\/uploads\/2021\/04\/Cover-FRAMEwork-French-version-1-233x300.jpeg 233w, https:\/\/framemuseums.org\/new\/wp-content\/uploads\/2021\/04\/Cover-FRAMEwork-French-version-1-9x12.jpeg 9w, https:\/\/framemuseums.org\/new\/wp-content\/uploads\/2021\/04\/Cover-FRAMEwork-French-version-1.jpeg 398w\" sizes=\"(max-width: 233px) 100vw, 233px\" \/><\/div>\n\t\t<\/a>\n\t\t\t\t<div class=\"elementor-post__text\">\n\t\t\t\t<h3 class=\"elementor-post__title\">\n\t\t\t<a href=\"https:\/\/framemuseums.org\/fr\/framework-guide-museal-pour-laccueil-des-personnes-autistes\/\" >\n\t\t\t\tFRAMEwork: Guide mus\u00e9al pour l&#8217;accueil des personnes autistes\t\t\t<\/a>\n\t\t<\/h3>\n\t\t\t\t<div class=\"elementor-post__meta-data\">\n\t\t\t\t\t<span class=\"elementor-post-date\">\n\t\t\tavril 23, 2021\t\t<\/span>\n\t\t\t\t<\/div>\n\t\t\t\t<div class=\"elementor-post__excerpt\">\n\t\t\t<p>Tous membres du r\u00e9seau FRench American Museum Exchange (FRAME), le Dallas Museum of Art, le Mus\u00e9e des beaux-arts de Montr\u00e9al et le Palais des Beaux-Arts de Lille ont d\u00e9velopp\u00e9 depuis plusieurs ann\u00e9es des expertises reconnues en mati\u00e8re d\u2019accueil des personnes autistes. En raison d\u2019une sensibilisation accrue \u00e0 cette condition et du fait de l\u2019\u00e9volution des crit\u00e8res de diagnostic, une augmentation de la pr\u00e9valence de l\u2019autisme est notable partout dans le monde.<br\/> <br\/><\/p>\n<p>Cette r\u00e9alit\u00e9 a suscit\u00e9 une prise de conscience g\u00e9n\u00e9ralis\u00e9e dans les domaines scientifique, politique, \u00e9ducatif, de m\u00eame que dans le champ artistique et culturel. Depuis quelques ann\u00e9es, les neurosciences reconnaissent en effet les bienfaits de l\u2019exp\u00e9rience artistique et des pratiques culturelles sur la sant\u00e9. Les \u00e9tudes montrent que les \u0153uvres d\u2019art entrent en r\u00e9sonance avec l\u2019\u00eatre humain et stimulent ses \u00e9motions, favorisent entre autres l\u2019empathie et le d\u00e9veloppement de la confiance en soi. Les activit\u00e9s men\u00e9es \u00e0 Dallas, \u00e0 Montr\u00e9al et \u00e0 Lille avec les publics autistes s\u2019inscrivent dans cette dynamique qui confirme l\u2019importance croissante du r\u00f4le jou\u00e9 par l\u2019institution mus\u00e9ale dans la vie sociale.<br\/> <br\/><\/p>\n<p>Cette publication d\u00e9di\u00e9e \u00e0 l\u2019accueil des personnes avec un trouble du spectre de l\u2019autisme inaugure une s\u00e9rie d\u2019initiatives intitul\u00e9es \u00ab FRAMEworks \u00bb. Ce document est un recueil de conseils pratiques qui peuvent s\u2019appliquer \u00e0 d\u2019autres mus\u00e9es \u00e0 partir des exp\u00e9riences men\u00e9es \u00e0 Dallas, \u00e0 Montr\u00e9al et \u00e0 Lille. R\u00e9dig\u00e9 de mani\u00e8re suffisamment souple pour s\u2019adapter aux sp\u00e9cificit\u00e9s d\u2019autres institutions mus\u00e9ales, ce guide est amen\u00e9 \u00e0 \u00e9voluer au gr\u00e9 des recherches et des d\u00e9couvertes scientifiques et humaines.<br\/> <br\/><\/p>\n<p>Conform\u00e9ment \u00e0 la mission du r\u00e9seau FRench American Museum Exchange, ce guide est une fa\u00e7on innovante de promouvoir le dialogue culturel transatlantique et de favoriser le d\u00e9veloppement des mus\u00e9es du XXIe si\u00e8cle dans une perspective globale, qui est \u00e0 la fois respectueuse de leurs sp\u00e9cificit\u00e9s et soucieuse de rapprocher ces institutions sur la base d&#8217;objectifs communs. \u00c0 travers cette publication, nous sommes heureux de partager avec le plus grand nombre les expertises crois\u00e9es dans le r\u00e9seau FRAME.<br\/> <br\/><\/p>\n<p><b>Anne-Sol\u00e8ne Rolland et William Beekman, copr\u00e9sidents de FRAME<br \/>\nEmilie Vanhaesebroucke et Marguerite d\u2019Aprile Quigley, directrices ex\u00e9cutives de FRAME<\/b><\/p>\n\t\t<\/div>\n\t\t\n\t\t<a class=\"elementor-post__read-more\" href=\"https:\/\/framemuseums.org\/fr\/framework-guide-museal-pour-laccueil-des-personnes-autistes\/\" aria-label=\"En savoir plus sur FRAMEwork: Guide mus\u00e9al pour l&#8217;accueil des personnes autistes\" tabindex=\"-1\" >\n\t\t\tRead More \u00bb\t\t<\/a>\n\n\t\t\t\t<\/div>\n\t\t\t\t<\/article>\n\t\t\t\t<article class=\"elementor-post elementor-grid-item post-3980 post type-post status-publish format-standard has-post-thumbnail hentry category-frameworks\" role=\"listitem\">\n\t\t\t\t<a class=\"elementor-post__thumbnail__link\" href=\"https:\/\/framemuseums.org\/fr\/framework-guide-for-welcoming-museum-visitors-with-autism-spectrum-disorder\/\" tabindex=\"-1\" >\n\t\t\t<div class=\"elementor-post__thumbnail\"><img decoding=\"async\" width=\"229\" height=\"300\" src=\"https:\/\/framemuseums.org\/new\/wp-content\/uploads\/2021\/04\/Cover-FRAMEwork-English-version-1-1-229x300.jpeg\" class=\"attachment-medium size-medium wp-image-3982\" alt=\"\" srcset=\"https:\/\/framemuseums.org\/new\/wp-content\/uploads\/2021\/04\/Cover-FRAMEwork-English-version-1-1-229x300.jpeg 229w, https:\/\/framemuseums.org\/new\/wp-content\/uploads\/2021\/04\/Cover-FRAMEwork-English-version-1-1-9x12.jpeg 9w, https:\/\/framemuseums.org\/new\/wp-content\/uploads\/2021\/04\/Cover-FRAMEwork-English-version-1-1.jpeg 570w\" sizes=\"(max-width: 229px) 100vw, 229px\" \/><\/div>\n\t\t<\/a>\n\t\t\t\t<div class=\"elementor-post__text\">\n\t\t\t\t<h3 class=\"elementor-post__title\">\n\t\t\t<a href=\"https:\/\/framemuseums.org\/fr\/framework-guide-for-welcoming-museum-visitors-with-autism-spectrum-disorder\/\" >\n\t\t\t\tFRAMEwork: Guide for Welcoming Museum Visitors with Autism Spectrum Disorder\t\t\t<\/a>\n\t\t<\/h3>\n\t\t\t\t<div class=\"elementor-post__meta-data\">\n\t\t\t\t\t<span class=\"elementor-post-date\">\n\t\t\tavril 23, 2021\t\t<\/span>\n\t\t\t\t<\/div>\n\t\t\t\t<div class=\"elementor-post__excerpt\">\n\t\t\t<p>The Dallas Museum of Art, the Palais des Beaux-Arts de Lille and the Montreal Museum of Fine Arts, all members of the FRench American Museum Exchange (FRAME), have been working together to develop a recognized expertise in welcoming people with Autism Spectrum Disorder. In recent years, neuroscience has recognized the therapeutic benefits of artistic experience and cultural practices for autistic audiences. Medical studies have shown that works of art stimulate human emotions, foster empathy and help to develop self-confidence in visitors with Autism Spectrum Disorder.<br\/> <br\/><\/p>\n<p>This publication, which is dedicated to helping other art museums develop programs to welcome people with Autism Spectrum Disorder, launches a series of FRAME initiatives called &#8220;FRAMEworks.&#8221; This document offers practical advice to other museums based on the experience in Dallas, Lille and Montreal. Written in a flexible manner to be adapted to the specificities of other museums, this protocol is likely to evolve with scientific and human research and discoveries.<br\/> <br\/><\/p>\n<p>In compliance with the mission of the FRench American Museum Exchange, this \u201cFRAMEwork\u201d is an innovative way to promote transatlantic cultural dialogue and to foster the development of ground-breaking and worthwhile programs for museums of the 21st century. We are happy to share our findings with you and all of our global colleagues.<br\/> <br\/><\/p>\n<p><b>William Beekman and Anne-Sol\u00e8ne Rolland, Co-Presidents of FRAME<br \/>\nMarguerite d\u2019Aprile Quigley and Emilie Vanhaesebroucke, Executive Directors of FRAME<\/b><\/p>\n\t\t<\/div>\n\t\t\n\t\t<a class=\"elementor-post__read-more\" href=\"https:\/\/framemuseums.org\/fr\/framework-guide-for-welcoming-museum-visitors-with-autism-spectrum-disorder\/\" aria-label=\"En savoir plus sur FRAMEwork: Guide for Welcoming Museum Visitors with Autism Spectrum Disorder\" tabindex=\"-1\" >\n\t\t\tRead More \u00bb\t\t<\/a>\n\n\t\t\t\t<\/div>\n\t\t\t\t<\/article>\n\t\t\t\t<\/div>\n\t\t\n\t\t\t\t\t\t<\/div>\n\t\t\t\t<\/div>\n\t\t\t\t\t<\/div>\n\t\t<\/div>\n\t\t\t\t\t<\/div>\n\t\t<\/section>\n\t\t\t\t<\/div>","protected":false},"excerpt":{"rendered":"<p>\u201cFRAMEworks\u201d are a series of deliverables that promote the innovative ways that transatlantic cultural dialogue and international collaborations can benefit museums of the 21st century. Through these useful tools, FRAME professionals share their recommendations and practical advice drawn from partnerships among member museums in the extensive FRAME network of intellectual resources on both sides of [&hellip;]<\/p>\n","protected":false},"author":300,"featured_media":0,"parent":0,"menu_order":0,"comment_status":"closed","ping_status":"closed","template":"","meta":{"_exactmetrics_skip_tracking":false,"_exactmetrics_sitenote_active":false,"_exactmetrics_sitenote_note":"","_exactmetrics_sitenote_category":0,"footnotes":""},"class_list":["post-3940","page","type-page","status-publish","hentry"],"aioseo_notices":[],"_links":{"self":[{"href":"https:\/\/framemuseums.org\/fr\/wp-json\/wp\/v2\/pages\/3940","targetHints":{"allow":["GET"]}}],"collection":[{"href":"https:\/\/framemuseums.org\/fr\/wp-json\/wp\/v2\/pages"}],"about":[{"href":"https:\/\/framemuseums.org\/fr\/wp-json\/wp\/v2\/types\/page"}],"author":[{"embeddable":true,"href":"https:\/\/framemuseums.org\/fr\/wp-json\/wp\/v2\/users\/300"}],"replies":[{"embeddable":true,"href":"https:\/\/framemuseums.org\/fr\/wp-json\/wp\/v2\/comments?post=3940"}],"version-history":[{"count":28,"href":"https:\/\/framemuseums.org\/fr\/wp-json\/wp\/v2\/pages\/3940\/revisions"}],"predecessor-version":[{"id":5758,"href":"https:\/\/framemuseums.org\/fr\/wp-json\/wp\/v2\/pages\/3940\/revisions\/5758"}],"wp:attachment":[{"href":"https:\/\/framemuseums.org\/fr\/wp-json\/wp\/v2\/media?parent=3940"}],"curies":[{"name":"wp","href":"https:\/\/api.w.org\/{rel}","templated":true}]}}