{"id":2524,"date":"2020-06-04T14:53:25","date_gmt":"2020-06-04T18:53:25","guid":{"rendered":"https:\/\/framemuseums.org\/new\/?page_id=2524"},"modified":"2020-06-09T12:48:25","modified_gmt":"2020-06-09T16:48:25","slug":"education-advisors","status":"publish","type":"page","link":"https:\/\/framemuseums.org\/fr\/education-advisors\/","title":{"rendered":"Education Advisors"},"content":{"rendered":"<div data-elementor-type=\"wp-page\" data-elementor-id=\"2524\" class=\"elementor elementor-2524\" data-elementor-post-type=\"page\">\n\t\t\t\t\t\t<section class=\"elementor-section elementor-top-section elementor-element elementor-element-7bb254a elementor-section-boxed elementor-section-height-default elementor-section-height-default\" data-id=\"7bb254a\" data-element_type=\"section\">\n\t\t\t\t\t\t<div class=\"elementor-container elementor-column-gap-default\">\n\t\t\t\t\t<div class=\"elementor-column elementor-col-50 elementor-top-column elementor-element elementor-element-0a6d31f\" data-id=\"0a6d31f\" data-element_type=\"column\">\n\t\t\t<div class=\"elementor-widget-wrap elementor-element-populated\">\n\t\t\t\t\t\t<div class=\"elementor-element elementor-element-3c88ab6 elementor-widget elementor-widget-text-editor\" data-id=\"3c88ab6\" data-element_type=\"widget\" data-widget_type=\"text-editor.default\">\n\t\t\t\t<div class=\"elementor-widget-container\">\n\t\t\t\t\t\t\t\t\t<p><\/p>\n<div class=\"wp-block-group\">\n<div class=\"wp-block-group__inner-container is-layout-flow wp-block-group-is-layout-flow\">\n<p><\/p>\n<p><\/p>\n<p><\/p>\n<strong>For North America<\/strong><br \/>\n<p>Ronna Tulgan Ostheimer, Education Advisor<br \/>Director of Education<br \/>Sterling &amp; Francine Clark Art Institute Williamstown, MA<\/p>\n<p>Anne Rice, Education Deputy Advisor<br \/>Georgette Auerbach Koopman Director of Education<br \/>Wadsworth Atheneum Museum of Art, Hartford, CT<\/p>\n<p><strong>For France<\/strong><br \/>Aur\u00e9lie Albajar, Education Advisor<br \/>Head of Education Department, Mus\u00e9e des Augustins, Toulouse<\/p>\n<p>Juliette Barth\u00e9l\u00e9my, Education Deputy Advisor<br \/>In charge of educational projects and students, Education Department<br \/>Palais des Beaux-Arts de Lille<\/p>\n<p><\/p>\n<p><\/p>\n<p><\/p>\n<\/div>\n<\/div>\n<p><\/p>\t\t\t\t\t\t\t\t<\/div>\n\t\t\t\t<\/div>\n\t\t\t\t\t<\/div>\n\t\t<\/div>\n\t\t\t\t<div class=\"elementor-column elementor-col-50 elementor-top-column elementor-element elementor-element-fd3821d\" data-id=\"fd3821d\" data-element_type=\"column\">\n\t\t\t<div class=\"elementor-widget-wrap elementor-element-populated\">\n\t\t\t\t\t\t<div class=\"elementor-element elementor-element-e2fe507 elementor-widget elementor-widget-image\" data-id=\"e2fe507\" data-element_type=\"widget\" data-widget_type=\"image.default\">\n\t\t\t\t<div class=\"elementor-widget-container\">\n\t\t\t\t\t\t\t\t\t\t\t\t<figure class=\"wp-caption\">\n\t\t\t\t\t\t\t\t\t\t<img fetchpriority=\"high\" decoding=\"async\" width=\"594\" height=\"556\" src=\"https:\/\/framemuseums.org\/new\/wp-content\/uploads\/2020\/06\/img-194.png\" class=\"attachment-large size-large wp-image-3046\" alt=\"Aur\u00e9lie Albajar, Responsable du Service des publics, Attach\u00e9e de conservation, Mus\u00e9e des Augustins, Mus\u00e9e des Beaux-Arts de Toulouse. Ronna Tulgan Ostheimer, Director of Education, Sterling and Francine Clark Art Institute, Williamstown, Massachusetts.\" srcset=\"https:\/\/framemuseums.org\/new\/wp-content\/uploads\/2020\/06\/img-194.png 594w, https:\/\/framemuseums.org\/new\/wp-content\/uploads\/2020\/06\/img-194-300x281.png 300w\" sizes=\"(max-width: 594px) 100vw, 594px\" \/>\t\t\t\t\t\t\t\t\t\t\t<figcaption class=\"widget-image-caption wp-caption-text\">Aur\u00e9lie Albajar, Responsable du Service des publics, Attach\u00e9e de conservation, Mus\u00e9e des Augustins, Mus\u00e9e des Beaux-Arts de Toulouse. Ronna Tulgan Ostheimer, Director of Education, Sterling and Francine Clark Art Institute, Williamstown, Massachusetts.<\/figcaption>\n\t\t\t\t\t\t\t\t\t\t<\/figure>\n\t\t\t\t\t\t\t\t\t<\/div>\n\t\t\t\t<\/div>\n\t\t\t\t\t<\/div>\n\t\t<\/div>\n\t\t\t\t\t<\/div>\n\t\t<\/section>\n\t\t\t\t<\/div>","protected":false},"excerpt":{"rendered":"<p>For North America Ronna Tulgan Ostheimer, Education AdvisorDirector of EducationSterling &amp; Francine Clark Art Institute Williamstown, MA Anne Rice, Education Deputy AdvisorGeorgette Auerbach Koopman Director of EducationWadsworth Atheneum Museum of Art, Hartford, CT For FranceAur\u00e9lie Albajar, Education AdvisorHead of Education Department, Mus\u00e9e des Augustins, Toulouse Juliette Barth\u00e9l\u00e9my, Education Deputy AdvisorIn charge of educational projects and [&hellip;]<\/p>\n","protected":false},"author":300,"featured_media":0,"parent":0,"menu_order":0,"comment_status":"closed","ping_status":"closed","template":"","meta":{"_exactmetrics_skip_tracking":false,"_exactmetrics_sitenote_active":false,"_exactmetrics_sitenote_note":"","_exactmetrics_sitenote_category":0,"footnotes":""},"class_list":["post-2524","page","type-page","status-publish","hentry"],"aioseo_notices":[],"_links":{"self":[{"href":"https:\/\/framemuseums.org\/fr\/wp-json\/wp\/v2\/pages\/2524","targetHints":{"allow":["GET"]}}],"collection":[{"href":"https:\/\/framemuseums.org\/fr\/wp-json\/wp\/v2\/pages"}],"about":[{"href":"https:\/\/framemuseums.org\/fr\/wp-json\/wp\/v2\/types\/page"}],"author":[{"embeddable":true,"href":"https:\/\/framemuseums.org\/fr\/wp-json\/wp\/v2\/users\/300"}],"replies":[{"embeddable":true,"href":"https:\/\/framemuseums.org\/fr\/wp-json\/wp\/v2\/comments?post=2524"}],"version-history":[{"count":4,"href":"https:\/\/framemuseums.org\/fr\/wp-json\/wp\/v2\/pages\/2524\/revisions"}],"predecessor-version":[{"id":3047,"href":"https:\/\/framemuseums.org\/fr\/wp-json\/wp\/v2\/pages\/2524\/revisions\/3047"}],"wp:attachment":[{"href":"https:\/\/framemuseums.org\/fr\/wp-json\/wp\/v2\/media?parent=2524"}],"curies":[{"name":"wp","href":"https:\/\/api.w.org\/{rel}","templated":true}]}}