{"id":2191,"date":"2020-06-02T12:44:00","date_gmt":"2020-06-02T16:44:00","guid":{"rendered":"https:\/\/framemuseums.org\/new\/?page_id=2191"},"modified":"2021-06-02T17:57:20","modified_gmt":"2021-06-02T21:57:20","slug":"past-exhibitions","status":"publish","type":"page","link":"https:\/\/framemuseums.org\/fr\/past-exhibitions\/","title":{"rendered":"Past Exhibitions"},"content":{"rendered":"<div data-elementor-type=\"wp-page\" data-elementor-id=\"2191\" class=\"elementor elementor-2191\" data-elementor-post-type=\"page\">\n\t\t\t\t\t\t<section class=\"elementor-section elementor-top-section elementor-element elementor-element-5aac2ec elementor-section-boxed elementor-section-height-default elementor-section-height-default\" data-id=\"5aac2ec\" data-element_type=\"section\">\n\t\t\t\t\t\t<div class=\"elementor-container elementor-column-gap-default\">\n\t\t\t\t\t<div class=\"elementor-column elementor-col-100 elementor-top-column elementor-element elementor-element-da2ccc7\" data-id=\"da2ccc7\" data-element_type=\"column\">\n\t\t\t<div class=\"elementor-widget-wrap elementor-element-populated\">\n\t\t\t\t\t\t<div class=\"elementor-element elementor-element-b31de0e elementor-grid-3 elementor-grid-tablet-2 elementor-grid-mobile-1 elementor-posts--thumbnail-top elementor-widget elementor-widget-posts\" data-id=\"b31de0e\" data-element_type=\"widget\" data-settings=\"{&quot;pagination_type&quot;:&quot;numbers&quot;,&quot;classic_columns&quot;:&quot;3&quot;,&quot;classic_columns_tablet&quot;:&quot;2&quot;,&quot;classic_columns_mobile&quot;:&quot;1&quot;,&quot;classic_row_gap&quot;:{&quot;unit&quot;:&quot;px&quot;,&quot;size&quot;:35,&quot;sizes&quot;:[]},&quot;classic_row_gap_tablet&quot;:{&quot;unit&quot;:&quot;px&quot;,&quot;size&quot;:&quot;&quot;,&quot;sizes&quot;:[]},&quot;classic_row_gap_mobile&quot;:{&quot;unit&quot;:&quot;px&quot;,&quot;size&quot;:&quot;&quot;,&quot;sizes&quot;:[]}}\" data-widget_type=\"posts.classic\">\n\t\t\t\t<div class=\"elementor-widget-container\">\n\t\t\t\t\t\t\t<div class=\"elementor-posts-container elementor-posts elementor-posts--skin-classic elementor-grid\" role=\"list\">\n\t\t\t\t<article class=\"elementor-post elementor-grid-item post-5072 post type-post status-publish format-standard has-post-thumbnail hentry category-news category-past-exhibitions\" role=\"listitem\">\n\t\t\t\t<a class=\"elementor-post__thumbnail__link\" href=\"https:\/\/framemuseums.org\/fr\/marisol-a-retrospective-opens-at-the-montreal-museum-of-fine-arts\/\" tabindex=\"-1\" >\n\t\t\t<div class=\"elementor-post__thumbnail\"><img fetchpriority=\"high\" decoding=\"async\" width=\"300\" height=\"219\" src=\"https:\/\/framemuseums.org\/new\/wp-content\/uploads\/2023\/11\/MAR.0035-300x219.jpg\" class=\"attachment-medium size-medium wp-image-5067\" alt=\"\" srcset=\"https:\/\/framemuseums.org\/new\/wp-content\/uploads\/2023\/11\/MAR.0035-300x219.jpg 300w, https:\/\/framemuseums.org\/new\/wp-content\/uploads\/2023\/11\/MAR.0035-1024x746.jpg 1024w, https:\/\/framemuseums.org\/new\/wp-content\/uploads\/2023\/11\/MAR.0035-768x559.jpg 768w, https:\/\/framemuseums.org\/new\/wp-content\/uploads\/2023\/11\/MAR.0035-1536x1119.jpg 1536w, https:\/\/framemuseums.org\/new\/wp-content\/uploads\/2023\/11\/MAR.0035-2048x1492.jpg 2048w, https:\/\/framemuseums.org\/new\/wp-content\/uploads\/2023\/11\/MAR.0035-16x12.jpg 16w\" sizes=\"(max-width: 300px) 100vw, 300px\" \/><\/div>\n\t\t<\/a>\n\t\t\t\t<div class=\"elementor-post__text\">\n\t\t\t\t<h3 class=\"elementor-post__title\">\n\t\t\t<a href=\"https:\/\/framemuseums.org\/fr\/marisol-a-retrospective-opens-at-the-montreal-museum-of-fine-arts\/\" >\n\t\t\t\tMarisol: A Retrospective opens at the Montreal Museum of Fine Arts\t\t\t<\/a>\n\t\t<\/h3>\n\t\t\t\t<div class=\"elementor-post__meta-data\">\n\t\t\t\t\t<span class=\"elementor-post-date\">\n\t\t\tnovembre 15, 2023\t\t<\/span>\n\t\t\t\t<\/div>\n\t\t\t\t<div class=\"elementor-post__excerpt\">\n\t\t\t<p>FRAME is delighted to provide support for the exhibition catalogue for Marisol: A Retrospective, on view at the Montreal Museum of Fine Arts through January<\/p>\n\t\t<\/div>\n\t\t\n\t\t<a class=\"elementor-post__read-more\" href=\"https:\/\/framemuseums.org\/fr\/marisol-a-retrospective-opens-at-the-montreal-museum-of-fine-arts\/\" aria-label=\"En savoir plus sur Marisol: A Retrospective opens at the Montreal Museum of Fine Arts\" tabindex=\"-1\" >\n\t\t\tRead More \u00bb\t\t<\/a>\n\n\t\t\t\t<\/div>\n\t\t\t\t<\/article>\n\t\t\t\t<article class=\"elementor-post elementor-grid-item post-4225 post type-post status-publish format-standard has-post-thumbnail hentry category-past-exhibitions\" role=\"listitem\">\n\t\t\t\t<a class=\"elementor-post__thumbnail__link\" href=\"https:\/\/framemuseums.org\/fr\/whister-to-cassatt-american-painters-in-france\/\" tabindex=\"-1\" >\n\t\t\t<div class=\"elementor-post__thumbnail\"><img decoding=\"async\" width=\"300\" height=\"193\" src=\"https:\/\/framemuseums.org\/new\/wp-content\/uploads\/2022\/07\/Sunlight_Benson-3-768x495-2-300x193.jpeg\" class=\"attachment-medium size-medium wp-image-4600\" alt=\"\" srcset=\"https:\/\/framemuseums.org\/new\/wp-content\/uploads\/2022\/07\/Sunlight_Benson-3-768x495-2-300x193.jpeg 300w, https:\/\/framemuseums.org\/new\/wp-content\/uploads\/2022\/07\/Sunlight_Benson-3-768x495-2-18x12.jpeg 18w, https:\/\/framemuseums.org\/new\/wp-content\/uploads\/2022\/07\/Sunlight_Benson-3-768x495-2.jpeg 768w\" sizes=\"(max-width: 300px) 100vw, 300px\" \/><\/div>\n\t\t<\/a>\n\t\t\t\t<div class=\"elementor-post__text\">\n\t\t\t\t<h3 class=\"elementor-post__title\">\n\t\t\t<a href=\"https:\/\/framemuseums.org\/fr\/whister-to-cassatt-american-painters-in-france\/\" >\n\t\t\t\tWhistler to Cassatt: American Painters in France\t\t\t<\/a>\n\t\t<\/h3>\n\t\t\t\t<div class=\"elementor-post__meta-data\">\n\t\t\t\t\t<span class=\"elementor-post-date\">\n\t\t\tavril 4, 2022\t\t<\/span>\n\t\t\t\t<\/div>\n\t\t\t\t<div class=\"elementor-post__excerpt\">\n\t\t\t<p>Whistler to Cassatt: American Painters in France On view at the Virginia Museum of Fine Arts through July 31, 2022 Whistler to Cassatt: American Painters<\/p>\n\t\t<\/div>\n\t\t\n\t\t<a class=\"elementor-post__read-more\" href=\"https:\/\/framemuseums.org\/fr\/whister-to-cassatt-american-painters-in-france\/\" aria-label=\"En savoir plus sur Whistler to Cassatt: American Painters in France\" tabindex=\"-1\" >\n\t\t\tRead More \u00bb\t\t<\/a>\n\n\t\t\t\t<\/div>\n\t\t\t\t<\/article>\n\t\t\t\t<article class=\"elementor-post elementor-grid-item post-4637 post type-post status-publish format-standard has-post-thumbnail hentry category-past-exhibitions\" role=\"listitem\">\n\t\t\t\t<a class=\"elementor-post__thumbnail__link\" href=\"https:\/\/framemuseums.org\/fr\/private-lives-home-and-family-in-the-art-of-the-nabis-paris-1889-1900\/\" tabindex=\"-1\" >\n\t\t\t<div class=\"elementor-post__thumbnail\"><img decoding=\"async\" width=\"241\" height=\"300\" src=\"https:\/\/framemuseums.org\/new\/wp-content\/uploads\/2021\/02\/Clark_1979.23-241x300.jpg\" class=\"attachment-medium size-medium wp-image-4219\" alt=\"\" srcset=\"https:\/\/framemuseums.org\/new\/wp-content\/uploads\/2021\/02\/Clark_1979.23-241x300.jpg 241w, https:\/\/framemuseums.org\/new\/wp-content\/uploads\/2021\/02\/Clark_1979.23-822x1024.jpg 822w, https:\/\/framemuseums.org\/new\/wp-content\/uploads\/2021\/02\/Clark_1979.23-768x957.jpg 768w, https:\/\/framemuseums.org\/new\/wp-content\/uploads\/2021\/02\/Clark_1979.23-1233x1536.jpg 1233w, https:\/\/framemuseums.org\/new\/wp-content\/uploads\/2021\/02\/Clark_1979.23-10x12.jpg 10w, https:\/\/framemuseums.org\/new\/wp-content\/uploads\/2021\/02\/Clark_1979.23.jpg 1500w\" sizes=\"(max-width: 241px) 100vw, 241px\" \/><\/div>\n\t\t<\/a>\n\t\t\t\t<div class=\"elementor-post__text\">\n\t\t\t\t<h3 class=\"elementor-post__title\">\n\t\t\t<a href=\"https:\/\/framemuseums.org\/fr\/private-lives-home-and-family-in-the-art-of-the-nabis-paris-1889-1900\/\" >\n\t\t\t\tPrivate Lives: Home and Family in the Art of the Nabis, Paris, 1889\u20131900\t\t\t<\/a>\n\t\t<\/h3>\n\t\t\t\t<div class=\"elementor-post__meta-data\">\n\t\t\t\t\t<span class=\"elementor-post-date\">\n\t\t\tjuillet 1, 2021\t\t<\/span>\n\t\t\t\t<\/div>\n\t\t\t\t<div class=\"elementor-post__excerpt\">\n\t\t\t<p>Private Lives: Home and Family in the Art of the Nabis, Paris, 1889\u20131900 On view at the Cleveland Museum of Art July 1 to September<\/p>\n\t\t<\/div>\n\t\t\n\t\t<a class=\"elementor-post__read-more\" href=\"https:\/\/framemuseums.org\/fr\/private-lives-home-and-family-in-the-art-of-the-nabis-paris-1889-1900\/\" aria-label=\"En savoir plus sur Private Lives: Home and Family in the Art of the Nabis, Paris, 1889\u20131900\" tabindex=\"-1\" >\n\t\t\tRead More \u00bb\t\t<\/a>\n\n\t\t\t\t<\/div>\n\t\t\t\t<\/article>\n\t\t\t\t<article class=\"elementor-post elementor-grid-item post-3007 post type-post status-publish format-standard has-post-thumbnail hentry category-past-exhibitions\" role=\"listitem\">\n\t\t\t\t<a class=\"elementor-post__thumbnail__link\" href=\"https:\/\/framemuseums.org\/fr\/the-united-states-of-abstraction-american-artists-in-france-1946-1964\/\" tabindex=\"-1\" >\n\t\t\t<div class=\"elementor-post__thumbnail\"><img loading=\"lazy\" decoding=\"async\" width=\"300\" height=\"231\" src=\"https:\/\/framemuseums.org\/new\/wp-content\/uploads\/2020\/06\/American-Artists-in-France-300x231.jpg\" class=\"attachment-medium size-medium wp-image-2781\" alt=\"\" srcset=\"https:\/\/framemuseums.org\/new\/wp-content\/uploads\/2020\/06\/American-Artists-in-France-300x231.jpg 300w, https:\/\/framemuseums.org\/new\/wp-content\/uploads\/2020\/06\/American-Artists-in-France.jpg 680w\" sizes=\"(max-width: 300px) 100vw, 300px\" \/><\/div>\n\t\t<\/a>\n\t\t\t\t<div class=\"elementor-post__text\">\n\t\t\t\t<h3 class=\"elementor-post__title\">\n\t\t\t<a href=\"https:\/\/framemuseums.org\/fr\/the-united-states-of-abstraction-american-artists-in-france-1946-1964\/\" >\n\t\t\t\tUnited States of Abstraction, American artists in France, 1946-1964\t\t\t<\/a>\n\t\t<\/h3>\n\t\t\t\t<div class=\"elementor-post__meta-data\">\n\t\t\t\t\t<span class=\"elementor-post-date\">\n\t\t\tf\u00e9vrier 13, 2021\t\t<\/span>\n\t\t\t\t<\/div>\n\t\t\t\t<div class=\"elementor-post__excerpt\">\n\t\t\t<p>On view at the Mus\u00e9e d&#8217;arts de Nantes from May 19 to July 18, 2021 and at the Mus\u00e9e Fabre de Montpellier r from August<\/p>\n\t\t<\/div>\n\t\t\n\t\t<a class=\"elementor-post__read-more\" href=\"https:\/\/framemuseums.org\/fr\/the-united-states-of-abstraction-american-artists-in-france-1946-1964\/\" aria-label=\"En savoir plus sur United States of Abstraction, American artists in France, 1946-1964\" tabindex=\"-1\" >\n\t\t\tRead More \u00bb\t\t<\/a>\n\n\t\t\t\t<\/div>\n\t\t\t\t<\/article>\n\t\t\t\t<article class=\"elementor-post elementor-grid-item post-2421 post type-post status-publish format-standard has-post-thumbnail hentry category-past-exhibitions\" role=\"listitem\">\n\t\t\t\t<a class=\"elementor-post__thumbnail__link\" href=\"https:\/\/framemuseums.org\/fr\/hippolyte-paul-and-auguste-flandrin\/\" tabindex=\"-1\" >\n\t\t\t<div class=\"elementor-post__thumbnail\"><img loading=\"lazy\" decoding=\"async\" width=\"215\" height=\"300\" src=\"https:\/\/framemuseums.org\/new\/wp-content\/uploads\/2020\/06\/flandrin_jeune-berger-hd-215x300.jpg\" class=\"attachment-medium size-medium wp-image-2776\" alt=\"Hippolyte Flandrin, Seated Young Shepherd, oil on canvas,1834, (c) Mus\u00e9e des Beaux-Arts de Lyon. Photo: Alain Basset\" srcset=\"https:\/\/framemuseums.org\/new\/wp-content\/uploads\/2020\/06\/flandrin_jeune-berger-hd-215x300.jpg 215w, https:\/\/framemuseums.org\/new\/wp-content\/uploads\/2020\/06\/flandrin_jeune-berger-hd.jpg 402w\" sizes=\"(max-width: 215px) 100vw, 215px\" \/><\/div>\n\t\t<\/a>\n\t\t\t\t<div class=\"elementor-post__text\">\n\t\t\t\t<h3 class=\"elementor-post__title\">\n\t\t\t<a href=\"https:\/\/framemuseums.org\/fr\/hippolyte-paul-and-auguste-flandrin\/\" >\n\t\t\t\tHippolyte, Paul and Auguste: The Flandrin, Artists and Brothers\t\t\t<\/a>\n\t\t<\/h3>\n\t\t\t\t<div class=\"elementor-post__meta-data\">\n\t\t\t\t\t<span class=\"elementor-post-date\">\n\t\t\tjuin 4, 2020\t\t<\/span>\n\t\t\t\t<\/div>\n\t\t\t\t<div class=\"elementor-post__excerpt\">\n\t\t\t<p>On view at the Mus\u00e9e des Beaux-Arts de Lyon from May 19 to September 5, 2021. Auguste, Hippolyte, and Paul Flandrin were among the most<\/p>\n\t\t<\/div>\n\t\t\n\t\t<a class=\"elementor-post__read-more\" href=\"https:\/\/framemuseums.org\/fr\/hippolyte-paul-and-auguste-flandrin\/\" aria-label=\"En savoir plus sur Hippolyte, Paul and Auguste: The Flandrin, Artists and Brothers\" tabindex=\"-1\" >\n\t\t\tRead More \u00bb\t\t<\/a>\n\n\t\t\t\t<\/div>\n\t\t\t\t<\/article>\n\t\t\t\t<article class=\"elementor-post elementor-grid-item post-2415 post type-post status-publish format-standard has-post-thumbnail hentry category-past-exhibitions\" role=\"listitem\">\n\t\t\t\t<a class=\"elementor-post__thumbnail__link\" href=\"https:\/\/framemuseums.org\/fr\/surrealism-in-american-art\/\" tabindex=\"-1\" >\n\t\t\t<div class=\"elementor-post__thumbnail\"><img loading=\"lazy\" decoding=\"async\" width=\"193\" height=\"300\" src=\"https:\/\/framemuseums.org\/new\/wp-content\/uploads\/2020\/06\/Andre\u0301-Masson-Antille-Muse\u0301e-Cantini-Surrealism-in-American-Art-M0915_C-85-1_H-193x300.jpg\" class=\"attachment-medium size-medium wp-image-3331\" alt=\"\" srcset=\"https:\/\/framemuseums.org\/new\/wp-content\/uploads\/2020\/06\/Andre\u0301-Masson-Antille-Muse\u0301e-Cantini-Surrealism-in-American-Art-M0915_C-85-1_H-193x300.jpg 193w, https:\/\/framemuseums.org\/new\/wp-content\/uploads\/2020\/06\/Andre\u0301-Masson-Antille-Muse\u0301e-Cantini-Surrealism-in-American-Art-M0915_C-85-1_H-659x1024.jpg 659w, https:\/\/framemuseums.org\/new\/wp-content\/uploads\/2020\/06\/Andre\u0301-Masson-Antille-Muse\u0301e-Cantini-Surrealism-in-American-Art-M0915_C-85-1_H-768x1193.jpg 768w, https:\/\/framemuseums.org\/new\/wp-content\/uploads\/2020\/06\/Andre\u0301-Masson-Antille-Muse\u0301e-Cantini-Surrealism-in-American-Art-M0915_C-85-1_H-989x1536.jpg 989w, https:\/\/framemuseums.org\/new\/wp-content\/uploads\/2020\/06\/Andre\u0301-Masson-Antille-Muse\u0301e-Cantini-Surrealism-in-American-Art-M0915_C-85-1_H-1319x2048.jpg 1319w, https:\/\/framemuseums.org\/new\/wp-content\/uploads\/2020\/06\/Andre\u0301-Masson-Antille-Muse\u0301e-Cantini-Surrealism-in-American-Art-M0915_C-85-1_H-scaled.jpg 1649w\" sizes=\"(max-width: 193px) 100vw, 193px\" \/><\/div>\n\t\t<\/a>\n\t\t\t\t<div class=\"elementor-post__text\">\n\t\t\t\t<h3 class=\"elementor-post__title\">\n\t\t\t<a href=\"https:\/\/framemuseums.org\/fr\/surrealism-in-american-art\/\" >\n\t\t\t\tSurrealism in American Art\t\t\t<\/a>\n\t\t<\/h3>\n\t\t\t\t<div class=\"elementor-post__meta-data\">\n\t\t\t\t\t<span class=\"elementor-post-date\">\n\t\t\tjuin 4, 2020\t\t<\/span>\n\t\t\t\t<\/div>\n\t\t\t\t<div class=\"elementor-post__excerpt\">\n\t\t\t<p>On view at the Centre de la Vieille Charit\u00e9, Marseille from May 19 to September 26, 2021. The exhibition recounts the history of the Surrealist<\/p>\n\t\t<\/div>\n\t\t\n\t\t<a class=\"elementor-post__read-more\" href=\"https:\/\/framemuseums.org\/fr\/surrealism-in-american-art\/\" aria-label=\"En savoir plus sur Surrealism in American Art\" tabindex=\"-1\" >\n\t\t\tRead More \u00bb\t\t<\/a>\n\n\t\t\t\t<\/div>\n\t\t\t\t<\/article>\n\t\t\t\t<article class=\"elementor-post elementor-grid-item post-2780 post type-post status-publish format-standard has-post-thumbnail hentry category-past-exhibitions\" role=\"listitem\">\n\t\t\t\t<a class=\"elementor-post__thumbnail__link\" href=\"https:\/\/framemuseums.org\/fr\/american-season-in-france-2021\/\" tabindex=\"-1\" >\n\t\t\t<div class=\"elementor-post__thumbnail\"><img loading=\"lazy\" decoding=\"async\" width=\"300\" height=\"180\" src=\"https:\/\/framemuseums.org\/new\/wp-content\/uploads\/2020\/06\/11-\u2013-Robert-Breer_Sans-titre-300x180.jpeg\" class=\"attachment-medium size-medium wp-image-3997\" alt=\"\" srcset=\"https:\/\/framemuseums.org\/new\/wp-content\/uploads\/2020\/06\/11-\u2013-Robert-Breer_Sans-titre-300x180.jpeg 300w, https:\/\/framemuseums.org\/new\/wp-content\/uploads\/2020\/06\/11-\u2013-Robert-Breer_Sans-titre-1024x615.jpeg 1024w, https:\/\/framemuseums.org\/new\/wp-content\/uploads\/2020\/06\/11-\u2013-Robert-Breer_Sans-titre-768x461.jpeg 768w, https:\/\/framemuseums.org\/new\/wp-content\/uploads\/2020\/06\/11-\u2013-Robert-Breer_Sans-titre-1536x923.jpeg 1536w, https:\/\/framemuseums.org\/new\/wp-content\/uploads\/2020\/06\/11-\u2013-Robert-Breer_Sans-titre-2048x1231.jpeg 2048w, https:\/\/framemuseums.org\/new\/wp-content\/uploads\/2020\/06\/11-\u2013-Robert-Breer_Sans-titre-16x10.jpeg 16w\" sizes=\"(max-width: 300px) 100vw, 300px\" \/><\/div>\n\t\t<\/a>\n\t\t\t\t<div class=\"elementor-post__text\">\n\t\t\t\t<h3 class=\"elementor-post__title\">\n\t\t\t<a href=\"https:\/\/framemuseums.org\/fr\/american-season-in-france-2021\/\" >\n\t\t\t\tAmerican Season in France\t\t\t<\/a>\n\t\t<\/h3>\n\t\t\t\t<div class=\"elementor-post__meta-data\">\n\t\t\t\t\t<span class=\"elementor-post-date\">\n\t\t\tjuin 3, 2020\t\t<\/span>\n\t\t\t\t<\/div>\n\t\t\t\t<div class=\"elementor-post__excerpt\">\n\t\t\t<p>The Mus\u00e9e des Beaux-Arts de Rennes, the Centre de la Vieille Charit\u00e9-Mus\u00e9es de Marseille, the Mus\u00e9e d&#8217;arts de Nantes and the Mus\u00e9e Fabre de Montpellier,<\/p>\n\t\t<\/div>\n\t\t\n\t\t<a class=\"elementor-post__read-more\" href=\"https:\/\/framemuseums.org\/fr\/american-season-in-france-2021\/\" aria-label=\"En savoir plus sur American Season in France\" tabindex=\"-1\" >\n\t\t\tRead More \u00bb\t\t<\/a>\n\n\t\t\t\t<\/div>\n\t\t\t\t<\/article>\n\t\t\t\t<article class=\"elementor-post elementor-grid-item post-2783 post type-post status-publish format-standard has-post-thumbnail hentry category-past-exhibitions\" role=\"listitem\">\n\t\t\t\t<a class=\"elementor-post__thumbnail__link\" href=\"https:\/\/framemuseums.org\/fr\/stanley-william-hayters-atelier-17-towards-a-free-print\/\" tabindex=\"-1\" >\n\t\t\t<div class=\"elementor-post__thumbnail\"><img loading=\"lazy\" decoding=\"async\" width=\"233\" height=\"300\" src=\"https:\/\/framemuseums.org\/new\/wp-content\/uploads\/2020\/06\/Hayters-Atelier-17--233x300.jpg\" class=\"attachment-medium size-medium wp-image-2784\" alt=\"Stanley William Hayter with Helen Phillips in 1948 in their New-Yorker Studio, 737 Washington Street. All rights reserved.\" srcset=\"https:\/\/framemuseums.org\/new\/wp-content\/uploads\/2020\/06\/Hayters-Atelier-17--233x300.jpg 233w, https:\/\/framemuseums.org\/new\/wp-content\/uploads\/2020\/06\/Hayters-Atelier-17--797x1024.jpg 797w, https:\/\/framemuseums.org\/new\/wp-content\/uploads\/2020\/06\/Hayters-Atelier-17--768x987.jpg 768w, https:\/\/framemuseums.org\/new\/wp-content\/uploads\/2020\/06\/Hayters-Atelier-17-.jpg 996w\" sizes=\"(max-width: 233px) 100vw, 233px\" \/><\/div>\n\t\t<\/a>\n\t\t\t\t<div class=\"elementor-post__text\">\n\t\t\t\t<h3 class=\"elementor-post__title\">\n\t\t\t<a href=\"https:\/\/framemuseums.org\/fr\/stanley-william-hayters-atelier-17-towards-a-free-print\/\" >\n\t\t\t\tStanley William Hayter and the World in an Atelier: Converging Stories of Surrealism and Abstraction\t\t\t<\/a>\n\t\t<\/h3>\n\t\t\t\t<div class=\"elementor-post__meta-data\">\n\t\t\t\t\t<span class=\"elementor-post-date\">\n\t\t\tjuin 2, 2020\t\t<\/span>\n\t\t\t\t<\/div>\n\t\t\t\t<div class=\"elementor-post__excerpt\">\n\t\t\t<p>Mus\u00e9e des Beaux-Arts de Rennes The exhibition was originally scheduled to be on view from February 12 to May 3, 2021. Due to the lockdown<\/p>\n\t\t<\/div>\n\t\t\n\t\t<a class=\"elementor-post__read-more\" href=\"https:\/\/framemuseums.org\/fr\/stanley-william-hayters-atelier-17-towards-a-free-print\/\" aria-label=\"En savoir plus sur Stanley William Hayter and the World in an Atelier: Converging Stories of Surrealism and Abstraction\" tabindex=\"-1\" >\n\t\t\tRead More \u00bb\t\t<\/a>\n\n\t\t\t\t<\/div>\n\t\t\t\t<\/article>\n\t\t\t\t<article class=\"elementor-post elementor-grid-item post-677 post type-post status-publish format-standard has-post-thumbnail hentry category-past-exhibitions tag-imgtop80\" role=\"listitem\">\n\t\t\t\t<a class=\"elementor-post__thumbnail__link\" href=\"https:\/\/framemuseums.org\/fr\/in-praise-of-sense-and-sensibility-and-in-praise-of-sensibility-18th-century-french-paintings-from-breton-collections\/\" tabindex=\"-1\" >\n\t\t\t<div class=\"elementor-post__thumbnail\"><img loading=\"lazy\" decoding=\"async\" width=\"245\" height=\"300\" src=\"https:\/\/framemuseums.org\/new\/wp-content\/uploads\/2020\/06\/25-a-In-Praise-of-Emotion-and-in-Praise-of-Sensibility-Jean-Baptiste-Greuze-Jeune-fille-au-ruban-bleu-Rennes-mus\u00e9e-des-Beaux-Arts-\u00a9-Jean-Manuel-SalingueMBA-Rennes-245x300.jpg\" class=\"attachment-medium size-medium wp-image-2686\" alt=\"\" srcset=\"https:\/\/framemuseums.org\/new\/wp-content\/uploads\/2020\/06\/25-a-In-Praise-of-Emotion-and-in-Praise-of-Sensibility-Jean-Baptiste-Greuze-Jeune-fille-au-ruban-bleu-Rennes-mus\u00e9e-des-Beaux-Arts-\u00a9-Jean-Manuel-SalingueMBA-Rennes-245x300.jpg 245w, https:\/\/framemuseums.org\/new\/wp-content\/uploads\/2020\/06\/25-a-In-Praise-of-Emotion-and-in-Praise-of-Sensibility-Jean-Baptiste-Greuze-Jeune-fille-au-ruban-bleu-Rennes-mus\u00e9e-des-Beaux-Arts-\u00a9-Jean-Manuel-SalingueMBA-Rennes.jpg 768w\" sizes=\"(max-width: 245px) 100vw, 245px\" \/><\/div>\n\t\t<\/a>\n\t\t\t\t<div class=\"elementor-post__text\">\n\t\t\t\t<h3 class=\"elementor-post__title\">\n\t\t\t<a href=\"https:\/\/framemuseums.org\/fr\/in-praise-of-sense-and-sensibility-and-in-praise-of-sensibility-18th-century-french-paintings-from-breton-collections\/\" >\n\t\t\t\tIn Praise of Emotion and In Praise of Sensibility: 18th Century French Paintings from Breton Collections\t\t\t<\/a>\n\t\t<\/h3>\n\t\t\t\t<div class=\"elementor-post__meta-data\">\n\t\t\t\t\t<span class=\"elementor-post-date\">\n\t\t\tjanvier 14, 2019\t\t<\/span>\n\t\t\t\t<\/div>\n\t\t\t\t<div class=\"elementor-post__excerpt\">\n\t\t\t<p>Nantes Arts Museum: In Praise of Sensibility, February 15 &#8211; May 13, 2019 Fine Arts Museum of Rennes: In Praise of Emotion, 16 February &#8211;<\/p>\n\t\t<\/div>\n\t\t\n\t\t<a class=\"elementor-post__read-more\" href=\"https:\/\/framemuseums.org\/fr\/in-praise-of-sense-and-sensibility-and-in-praise-of-sensibility-18th-century-french-paintings-from-breton-collections\/\" aria-label=\"En savoir plus sur In Praise of Emotion and In Praise of Sensibility: 18th Century French Paintings from Breton Collections\" tabindex=\"-1\" >\n\t\t\tRead More \u00bb\t\t<\/a>\n\n\t\t\t\t<\/div>\n\t\t\t\t<\/article>\n\t\t\t\t<\/div>\n\t\t\n\t\t\t\t<div class=\"e-load-more-anchor\" data-page=\"1\" data-max-page=\"4\" data-next-page=\"https:\/\/framemuseums.org\/fr\/wp-json\/wp\/v2\/pages\/2191\/page\/2\/\"><\/div>\n\t\t\t\t<nav class=\"elementor-pagination\" aria-label=\"Pagination\">\n\t\t\t<span aria-current=\"page\" class=\"page-numbers current\"><span class=\"elementor-screen-only\">Page<\/span>1<\/span>\n<a class=\"page-numbers\" href=\"https:\/\/framemuseums.org\/fr\/wp-json\/wp\/v2\/pages\/2191\/page\/2\/\"><span class=\"elementor-screen-only\">Page<\/span>2<\/a>\n<a class=\"page-numbers\" href=\"https:\/\/framemuseums.org\/fr\/wp-json\/wp\/v2\/pages\/2191\/page\/3\/\"><span class=\"elementor-screen-only\">Page<\/span>3<\/a>\n<a class=\"page-numbers\" href=\"https:\/\/framemuseums.org\/fr\/wp-json\/wp\/v2\/pages\/2191\/page\/4\/\"><span class=\"elementor-screen-only\">Page<\/span>4<\/a>\t\t<\/nav>\n\t\t\t\t\t\t<\/div>\n\t\t\t\t<\/div>\n\t\t\t\t\t<\/div>\n\t\t<\/div>\n\t\t\t\t\t<\/div>\n\t\t<\/section>\n\t\t\t\t<\/div>","protected":false},"excerpt":{"rendered":"","protected":false},"author":300,"featured_media":0,"parent":0,"menu_order":0,"comment_status":"closed","ping_status":"closed","template":"","meta":{"_exactmetrics_skip_tracking":false,"_exactmetrics_sitenote_active":false,"_exactmetrics_sitenote_note":"","_exactmetrics_sitenote_category":0,"footnotes":""},"class_list":["post-2191","page","type-page","status-publish","hentry"],"aioseo_notices":[],"_links":{"self":[{"href":"https:\/\/framemuseums.org\/fr\/wp-json\/wp\/v2\/pages\/2191","targetHints":{"allow":["GET"]}}],"collection":[{"href":"https:\/\/framemuseums.org\/fr\/wp-json\/wp\/v2\/pages"}],"about":[{"href":"https:\/\/framemuseums.org\/fr\/wp-json\/wp\/v2\/types\/page"}],"author":[{"embeddable":true,"href":"https:\/\/framemuseums.org\/fr\/wp-json\/wp\/v2\/users\/300"}],"replies":[{"embeddable":true,"href":"https:\/\/framemuseums.org\/fr\/wp-json\/wp\/v2\/comments?post=2191"}],"version-history":[{"count":12,"href":"https:\/\/framemuseums.org\/fr\/wp-json\/wp\/v2\/pages\/2191\/revisions"}],"predecessor-version":[{"id":4216,"href":"https:\/\/framemuseums.org\/fr\/wp-json\/wp\/v2\/pages\/2191\/revisions\/4216"}],"wp:attachment":[{"href":"https:\/\/framemuseums.org\/fr\/wp-json\/wp\/v2\/media?parent=2191"}],"curies":[{"name":"wp","href":"https:\/\/api.w.org\/{rel}","templated":true}]}}