{"id":1820,"date":"2020-05-26T11:05:56","date_gmt":"2020-05-26T15:05:56","guid":{"rendered":"https:\/\/framemuseums.org\/new\/?page_id=1820"},"modified":"2020-06-05T17:28:00","modified_gmt":"2020-06-05T21:28:00","slug":"publications","status":"publish","type":"page","link":"https:\/\/framemuseums.org\/fr\/publications\/","title":{"rendered":"Publications"},"content":{"rendered":"<div data-elementor-type=\"wp-page\" data-elementor-id=\"1820\" class=\"elementor elementor-1820\" data-elementor-post-type=\"page\">\n\t\t\t\t\t\t<section class=\"elementor-section elementor-top-section elementor-element elementor-element-f174862 elementor-section-boxed elementor-section-height-default elementor-section-height-default\" data-id=\"f174862\" data-element_type=\"section\">\n\t\t\t\t\t\t<div class=\"elementor-container elementor-column-gap-default\">\n\t\t\t\t\t<div class=\"elementor-column elementor-col-100 elementor-top-column elementor-element elementor-element-fe0d4db\" data-id=\"fe0d4db\" data-element_type=\"column\">\n\t\t\t<div class=\"elementor-widget-wrap elementor-element-populated\">\n\t\t\t\t\t\t<div class=\"elementor-element elementor-element-fa3bd3f elementor-widget elementor-widget-text-editor\" data-id=\"fa3bd3f\" data-element_type=\"widget\" data-widget_type=\"text-editor.default\">\n\t\t\t\t<div class=\"elementor-widget-container\">\n\t\t\t\t\t\t\t\t\tFRAME has a commitment to scholarship and to creating\ncollaborations between French and North American member  museums. The following publications, mainly\nauthored by French and North American curators and scholars, have been published to accompany FRAME exhibitions and to extend international understanding of the material.\nReader\u2019s note: some books were published in one language only. References listed below are listed in the original publisher\u2019s language.\t\t\t\t\t\t\t\t<\/div>\n\t\t\t\t<\/div>\n\t\t\t\t<div class=\"elementor-element elementor-element-a4aebec elementor-widget elementor-widget-spacer\" data-id=\"a4aebec\" data-element_type=\"widget\" data-widget_type=\"spacer.default\">\n\t\t\t\t<div class=\"elementor-widget-container\">\n\t\t\t\t\t\t\t<div class=\"elementor-spacer\">\n\t\t\t<div class=\"elementor-spacer-inner\"><\/div>\n\t\t<\/div>\n\t\t\t\t\t\t<\/div>\n\t\t\t\t<\/div>\n\t\t\t\t\t<\/div>\n\t\t<\/div>\n\t\t\t\t\t<\/div>\n\t\t<\/section>\n\t\t\t\t<section class=\"elementor-section elementor-top-section elementor-element elementor-element-9eddabd elementor-section-boxed elementor-section-height-default elementor-section-height-default\" data-id=\"9eddabd\" data-element_type=\"section\">\n\t\t\t\t\t\t<div class=\"elementor-container elementor-column-gap-default\">\n\t\t\t\t\t<div class=\"elementor-column elementor-col-100 elementor-top-column elementor-element elementor-element-2ec3435\" data-id=\"2ec3435\" data-element_type=\"column\">\n\t\t\t<div class=\"elementor-widget-wrap elementor-element-populated\">\n\t\t\t\t\t\t<div class=\"elementor-element elementor-element-7156ffb elementor-grid-3 elementor-grid-tablet-2 elementor-grid-mobile-1 elementor-posts--thumbnail-top elementor-widget elementor-widget-posts\" data-id=\"7156ffb\" data-element_type=\"widget\" data-settings=\"{&quot;pagination_type&quot;:&quot;numbers&quot;,&quot;classic_columns&quot;:&quot;3&quot;,&quot;classic_columns_tablet&quot;:&quot;2&quot;,&quot;classic_columns_mobile&quot;:&quot;1&quot;,&quot;classic_row_gap&quot;:{&quot;unit&quot;:&quot;px&quot;,&quot;size&quot;:35,&quot;sizes&quot;:[]},&quot;classic_row_gap_tablet&quot;:{&quot;unit&quot;:&quot;px&quot;,&quot;size&quot;:&quot;&quot;,&quot;sizes&quot;:[]},&quot;classic_row_gap_mobile&quot;:{&quot;unit&quot;:&quot;px&quot;,&quot;size&quot;:&quot;&quot;,&quot;sizes&quot;:[]}}\" data-widget_type=\"posts.classic\">\n\t\t\t\t<div class=\"elementor-widget-container\">\n\t\t\t\t\t\t\t<div class=\"elementor-posts-container elementor-posts elementor-posts--skin-classic elementor-grid\" role=\"list\">\n\t\t\t\t<article class=\"elementor-post elementor-grid-item post-5126 post type-post status-publish format-standard has-post-thumbnail hentry category-publications\" role=\"listitem\">\n\t\t\t\t<a class=\"elementor-post__thumbnail__link\" href=\"https:\/\/framemuseums.org\/fr\/the-world-made-wonderous\/\" tabindex=\"-1\" >\n\t\t\t<div class=\"elementor-post__thumbnail\"><img fetchpriority=\"high\" decoding=\"async\" width=\"300\" height=\"300\" src=\"https:\/\/framemuseums.org\/new\/wp-content\/uploads\/2023\/12\/IMG-4919-1-300x300.webp\" class=\"attachment-medium size-medium wp-image-5127\" alt=\"\" srcset=\"https:\/\/framemuseums.org\/new\/wp-content\/uploads\/2023\/12\/IMG-4919-1-300x300.webp 300w, https:\/\/framemuseums.org\/new\/wp-content\/uploads\/2023\/12\/IMG-4919-1-1024x1024.webp 1024w, https:\/\/framemuseums.org\/new\/wp-content\/uploads\/2023\/12\/IMG-4919-1-150x150.webp 150w, https:\/\/framemuseums.org\/new\/wp-content\/uploads\/2023\/12\/IMG-4919-1-768x768.webp 768w, https:\/\/framemuseums.org\/new\/wp-content\/uploads\/2023\/12\/IMG-4919-1-1536x1536.webp 1536w, https:\/\/framemuseums.org\/new\/wp-content\/uploads\/2023\/12\/IMG-4919-1-12x12.webp 12w, https:\/\/framemuseums.org\/new\/wp-content\/uploads\/2023\/12\/IMG-4919-1.webp 1540w\" sizes=\"(max-width: 300px) 100vw, 300px\" \/><\/div>\n\t\t<\/a>\n\t\t\t\t<div class=\"elementor-post__text\">\n\t\t\t\t<h3 class=\"elementor-post__title\">\n\t\t\t<a href=\"https:\/\/framemuseums.org\/fr\/the-world-made-wonderous\/\" >\n\t\t\t\tThe World Made Wonderous\t\t\t<\/a>\n\t\t<\/h3>\n\t\t\t\t<div class=\"elementor-post__meta-data\">\n\t\t\t\t\t<span class=\"elementor-post-date\">\n\t\t\td\u00e9cembre 21, 2023\t\t<\/span>\n\t\t\t\t<\/div>\n\t\t\t\t<div class=\"elementor-post__excerpt\">\n\t\t\t<p>By Diva Zumaya, Assistant Curator, European Painting and Sculpture, Los Angeles County Museum of Art. This catalogue was produced with the exhibition The World Made<\/p>\n\t\t<\/div>\n\t\t\n\t\t<a class=\"elementor-post__read-more\" href=\"https:\/\/framemuseums.org\/fr\/the-world-made-wonderous\/\" aria-label=\"En savoir plus sur The World Made Wonderous\" tabindex=\"-1\" >\n\t\t\tRead More \u00bb\t\t<\/a>\n\n\t\t\t\t<\/div>\n\t\t\t\t<\/article>\n\t\t\t\t<article class=\"elementor-post elementor-grid-item post-5075 post type-post status-publish format-standard has-post-thumbnail hentry category-publications\" role=\"listitem\">\n\t\t\t\t<a class=\"elementor-post__thumbnail__link\" href=\"https:\/\/framemuseums.org\/fr\/marisol-a-retrospective\/\" tabindex=\"-1\" >\n\t\t\t<div class=\"elementor-post__thumbnail\"><img decoding=\"async\" width=\"213\" height=\"300\" src=\"https:\/\/framemuseums.org\/new\/wp-content\/uploads\/2023\/11\/photo_marisol_couverture_catalogue-en-1695842271-1-213x300.webp\" class=\"attachment-medium size-medium wp-image-5076\" alt=\"\" srcset=\"https:\/\/framemuseums.org\/new\/wp-content\/uploads\/2023\/11\/photo_marisol_couverture_catalogue-en-1695842271-1-213x300.webp 213w, https:\/\/framemuseums.org\/new\/wp-content\/uploads\/2023\/11\/photo_marisol_couverture_catalogue-en-1695842271-1-729x1024.webp 729w, https:\/\/framemuseums.org\/new\/wp-content\/uploads\/2023\/11\/photo_marisol_couverture_catalogue-en-1695842271-1-768x1079.webp 768w, https:\/\/framemuseums.org\/new\/wp-content\/uploads\/2023\/11\/photo_marisol_couverture_catalogue-en-1695842271-1-1093x1536.webp 1093w, https:\/\/framemuseums.org\/new\/wp-content\/uploads\/2023\/11\/photo_marisol_couverture_catalogue-en-1695842271-1-9x12.webp 9w, https:\/\/framemuseums.org\/new\/wp-content\/uploads\/2023\/11\/photo_marisol_couverture_catalogue-en-1695842271-1.webp 1260w\" sizes=\"(max-width: 213px) 100vw, 213px\" \/><\/div>\n\t\t<\/a>\n\t\t\t\t<div class=\"elementor-post__text\">\n\t\t\t\t<h3 class=\"elementor-post__title\">\n\t\t\t<a href=\"https:\/\/framemuseums.org\/fr\/marisol-a-retrospective\/\" >\n\t\t\t\tMarisol: A Retrospective\t\t\t<\/a>\n\t\t<\/h3>\n\t\t\t\t<div class=\"elementor-post__meta-data\">\n\t\t\t\t\t<span class=\"elementor-post-date\">\n\t\t\tnovembre 15, 2023\t\t<\/span>\n\t\t\t\t<\/div>\n\t\t\t\t<div class=\"elementor-post__excerpt\">\n\t\t\t<p>To accompany the exhibition, Marisol: A Retrospective, a catalogue has been published in English and French by the Buffalo AKG Art Museum, DelMonico Books and<\/p>\n\t\t<\/div>\n\t\t\n\t\t<a class=\"elementor-post__read-more\" href=\"https:\/\/framemuseums.org\/fr\/marisol-a-retrospective\/\" aria-label=\"En savoir plus sur Marisol: A Retrospective\" tabindex=\"-1\" >\n\t\t\tRead More \u00bb\t\t<\/a>\n\n\t\t\t\t<\/div>\n\t\t\t\t<\/article>\n\t\t\t\t<article class=\"elementor-post elementor-grid-item post-4763 post type-post status-publish format-standard has-post-thumbnail hentry category-publications\" role=\"listitem\">\n\t\t\t\t<a class=\"elementor-post__thumbnail__link\" href=\"https:\/\/framemuseums.org\/fr\/whistler-to-cassatt-american-painters-in-france\/\" tabindex=\"-1\" >\n\t\t\t<div class=\"elementor-post__thumbnail\"><img decoding=\"async\" width=\"274\" height=\"300\" src=\"https:\/\/framemuseums.org\/new\/wp-content\/uploads\/2022\/11\/Whistler-to-Cassatt-274x300.jpeg\" class=\"attachment-medium size-medium wp-image-4752\" alt=\"\" srcset=\"https:\/\/framemuseums.org\/new\/wp-content\/uploads\/2022\/11\/Whistler-to-Cassatt-274x300.jpeg 274w, https:\/\/framemuseums.org\/new\/wp-content\/uploads\/2022\/11\/Whistler-to-Cassatt-936x1024.jpeg 936w, https:\/\/framemuseums.org\/new\/wp-content\/uploads\/2022\/11\/Whistler-to-Cassatt-768x841.jpeg 768w, https:\/\/framemuseums.org\/new\/wp-content\/uploads\/2022\/11\/Whistler-to-Cassatt-11x12.jpeg 11w, https:\/\/framemuseums.org\/new\/wp-content\/uploads\/2022\/11\/Whistler-to-Cassatt.jpeg 1280w\" sizes=\"(max-width: 274px) 100vw, 274px\" \/><\/div>\n\t\t<\/a>\n\t\t\t\t<div class=\"elementor-post__text\">\n\t\t\t\t<h3 class=\"elementor-post__title\">\n\t\t\t<a href=\"https:\/\/framemuseums.org\/fr\/whistler-to-cassatt-american-painters-in-france\/\" >\n\t\t\t\tWhistler to Cassatt: American Painters in France\t\t\t<\/a>\n\t\t<\/h3>\n\t\t\t\t<div class=\"elementor-post__meta-data\">\n\t\t\t\t\t<span class=\"elementor-post-date\">\n\t\t\tnovembre 16, 2021\t\t<\/span>\n\t\t\t\t<\/div>\n\t\t\t\t<div class=\"elementor-post__excerpt\">\n\t\t\t<p>Edited by Timothy J. Standring with essays by Emmanuelle Brugerolles, Benjamin W. Colman, Randall C. Griffin, Susan J. Rawles and Suzanne Singletary. In the late<\/p>\n\t\t<\/div>\n\t\t\n\t\t<a class=\"elementor-post__read-more\" href=\"https:\/\/framemuseums.org\/fr\/whistler-to-cassatt-american-painters-in-france\/\" aria-label=\"En savoir plus sur Whistler to Cassatt: American Painters in France\" tabindex=\"-1\" >\n\t\t\tRead More \u00bb\t\t<\/a>\n\n\t\t\t\t<\/div>\n\t\t\t\t<\/article>\n\t\t\t\t<article class=\"elementor-post elementor-grid-item post-4767 post type-post status-publish format-standard has-post-thumbnail hentry category-publications\" role=\"listitem\">\n\t\t\t\t<a class=\"elementor-post__thumbnail__link\" href=\"https:\/\/framemuseums.org\/fr\/private-lives-home-and-family-in-the-art-of-the-nabis-paris-1889-1900-2\/\" tabindex=\"-1\" >\n\t\t\t<div class=\"elementor-post__thumbnail\"><img loading=\"lazy\" decoding=\"async\" width=\"269\" height=\"300\" src=\"https:\/\/framemuseums.org\/new\/wp-content\/uploads\/2022\/11\/Private-Lives-Home-and-Family-in-the-Art-of-the-Nabis-269x300.jpeg\" class=\"attachment-medium size-medium wp-image-4753\" alt=\"\" srcset=\"https:\/\/framemuseums.org\/new\/wp-content\/uploads\/2022\/11\/Private-Lives-Home-and-Family-in-the-Art-of-the-Nabis-269x300.jpeg 269w, https:\/\/framemuseums.org\/new\/wp-content\/uploads\/2022\/11\/Private-Lives-Home-and-Family-in-the-Art-of-the-Nabis-11x12.jpeg 11w, https:\/\/framemuseums.org\/new\/wp-content\/uploads\/2022\/11\/Private-Lives-Home-and-Family-in-the-Art-of-the-Nabis.jpeg 359w\" sizes=\"(max-width: 269px) 100vw, 269px\" \/><\/div>\n\t\t<\/a>\n\t\t\t\t<div class=\"elementor-post__text\">\n\t\t\t\t<h3 class=\"elementor-post__title\">\n\t\t\t<a href=\"https:\/\/framemuseums.org\/fr\/private-lives-home-and-family-in-the-art-of-the-nabis-paris-1889-1900-2\/\" >\n\t\t\t\tPrivate Lives: Home and Family in the Art of the Nabis, Paris, 1889\u20131900\t\t\t<\/a>\n\t\t<\/h3>\n\t\t\t\t<div class=\"elementor-post__meta-data\">\n\t\t\t\t\t<span class=\"elementor-post-date\">\n\t\t\tjuillet 30, 2021\t\t<\/span>\n\t\t\t\t<\/div>\n\t\t\t\t<div class=\"elementor-post__excerpt\">\n\t\t\t<p>By Mary Weaver Chapin, Curator of Prints and Drawings, Portland Art Museum, Oregon; Heather Lemonedes Brown, Virginia N. and Randall J. Barbato Deputy Director and<\/p>\n\t\t<\/div>\n\t\t\n\t\t<a class=\"elementor-post__read-more\" href=\"https:\/\/framemuseums.org\/fr\/private-lives-home-and-family-in-the-art-of-the-nabis-paris-1889-1900-2\/\" aria-label=\"En savoir plus sur Private Lives: Home and Family in the Art of the Nabis, Paris, 1889\u20131900\" tabindex=\"-1\" >\n\t\t\tRead More \u00bb\t\t<\/a>\n\n\t\t\t\t<\/div>\n\t\t\t\t<\/article>\n\t\t\t\t<article class=\"elementor-post elementor-grid-item post-4770 post type-post status-publish format-standard has-post-thumbnail hentry category-publications\" role=\"listitem\">\n\t\t\t\t<a class=\"elementor-post__thumbnail__link\" href=\"https:\/\/framemuseums.org\/fr\/united-states-of-abstraction-artistes-americains-en-france-1946-1964\/\" tabindex=\"-1\" >\n\t\t\t<div class=\"elementor-post__thumbnail\"><img loading=\"lazy\" decoding=\"async\" width=\"245\" height=\"300\" src=\"https:\/\/framemuseums.org\/new\/wp-content\/uploads\/2022\/11\/United-States-of-Abstraction-Artistes-ame\u0301ricains-en-France-1946-1964-245x300.jpeg\" class=\"attachment-medium size-medium wp-image-4754\" alt=\"\" srcset=\"https:\/\/framemuseums.org\/new\/wp-content\/uploads\/2022\/11\/United-States-of-Abstraction-Artistes-ame\u0301ricains-en-France-1946-1964-245x300.jpeg 245w, https:\/\/framemuseums.org\/new\/wp-content\/uploads\/2022\/11\/United-States-of-Abstraction-Artistes-ame\u0301ricains-en-France-1946-1964-10x12.jpeg 10w, https:\/\/framemuseums.org\/new\/wp-content\/uploads\/2022\/11\/United-States-of-Abstraction-Artistes-ame\u0301ricains-en-France-1946-1964.jpeg 409w\" sizes=\"(max-width: 245px) 100vw, 245px\" \/><\/div>\n\t\t<\/a>\n\t\t\t\t<div class=\"elementor-post__text\">\n\t\t\t\t<h3 class=\"elementor-post__title\">\n\t\t\t<a href=\"https:\/\/framemuseums.org\/fr\/united-states-of-abstraction-artistes-americains-en-france-1946-1964\/\" >\n\t\t\t\tUnited States of Abstraction: Artistes am\u00e9ricains en France, 1946-1964\t\t\t<\/a>\n\t\t<\/h3>\n\t\t\t\t<div class=\"elementor-post__meta-data\">\n\t\t\t\t\t<span class=\"elementor-post-date\">\n\t\t\tjuin 21, 2021\t\t<\/span>\n\t\t\t\t<\/div>\n\t\t\t\t<div class=\"elementor-post__excerpt\">\n\t\t\t<p>L&#8217;exposition United States of Abstraction. Artistes am\u00e9ricains en France, 1946-1964,\u00a0est organis\u00e9e par le Mus\u00e9e d&#8217;arts de Nantes, o\u00f9 elle sera pr\u00e9sent\u00e9e au public du 11<\/p>\n\t\t<\/div>\n\t\t\n\t\t<a class=\"elementor-post__read-more\" href=\"https:\/\/framemuseums.org\/fr\/united-states-of-abstraction-artistes-americains-en-france-1946-1964\/\" aria-label=\"En savoir plus sur United States of Abstraction: Artistes am\u00e9ricains en France, 1946-1964\" tabindex=\"-1\" >\n\t\t\tRead More \u00bb\t\t<\/a>\n\n\t\t\t\t<\/div>\n\t\t\t\t<\/article>\n\t\t\t\t<article class=\"elementor-post elementor-grid-item post-4774 post type-post status-publish format-standard has-post-thumbnail hentry category-publications\" role=\"listitem\">\n\t\t\t\t<a class=\"elementor-post__thumbnail__link\" href=\"https:\/\/framemuseums.org\/fr\/les-flandrin-artistes-et-freres-hippolyte-paul-auguste\/\" tabindex=\"-1\" >\n\t\t\t<div class=\"elementor-post__thumbnail\"><img loading=\"lazy\" decoding=\"async\" width=\"269\" height=\"300\" src=\"https:\/\/framemuseums.org\/new\/wp-content\/uploads\/2022\/11\/Les-Flandrin-artistes-et-fre\u0300res-Hippolyte-Paul-Auguste-269x300.jpeg\" class=\"attachment-medium size-medium wp-image-4755\" alt=\"\" srcset=\"https:\/\/framemuseums.org\/new\/wp-content\/uploads\/2022\/11\/Les-Flandrin-artistes-et-fre\u0300res-Hippolyte-Paul-Auguste-269x300.jpeg 269w, https:\/\/framemuseums.org\/new\/wp-content\/uploads\/2022\/11\/Les-Flandrin-artistes-et-fre\u0300res-Hippolyte-Paul-Auguste-11x12.jpeg 11w, https:\/\/framemuseums.org\/new\/wp-content\/uploads\/2022\/11\/Les-Flandrin-artistes-et-fre\u0300res-Hippolyte-Paul-Auguste.jpeg 449w\" sizes=\"(max-width: 269px) 100vw, 269px\" \/><\/div>\n\t\t<\/a>\n\t\t\t\t<div class=\"elementor-post__text\">\n\t\t\t\t<h3 class=\"elementor-post__title\">\n\t\t\t<a href=\"https:\/\/framemuseums.org\/fr\/les-flandrin-artistes-et-freres-hippolyte-paul-auguste\/\" >\n\t\t\t\tLes Flandrin artistes et fr\u00e8res: Hippolyte, Paul, Auguste\t\t\t<\/a>\n\t\t<\/h3>\n\t\t\t\t<div class=\"elementor-post__meta-data\">\n\t\t\t\t\t<span class=\"elementor-post-date\">\n\t\t\tjuin 2, 2021\t\t<\/span>\n\t\t\t\t<\/div>\n\t\t\t\t<div class=\"elementor-post__excerpt\">\n\t\t\t<p>Hippolyte (1809-1864), Paul (1811-1902) et Auguste (1804-1842) Flandrin, originaires de Lyon, comptent parmi les peintres les plus importants de la sc\u00e8ne artistique fran\u00e7aise au milieu<\/p>\n\t\t<\/div>\n\t\t\n\t\t<a class=\"elementor-post__read-more\" href=\"https:\/\/framemuseums.org\/fr\/les-flandrin-artistes-et-freres-hippolyte-paul-auguste\/\" aria-label=\"En savoir plus sur Les Flandrin artistes et fr\u00e8res: Hippolyte, Paul, Auguste\" tabindex=\"-1\" >\n\t\t\tRead More \u00bb\t\t<\/a>\n\n\t\t\t\t<\/div>\n\t\t\t\t<\/article>\n\t\t\t\t<article class=\"elementor-post elementor-grid-item post-3576 post type-post status-publish format-standard has-post-thumbnail hentry category-publications\" role=\"listitem\">\n\t\t\t\t<a class=\"elementor-post__thumbnail__link\" href=\"https:\/\/framemuseums.org\/fr\/le-monde-a-portee-de-sens-a-cabinet-of-curiosities-at-christophe-paul-de-robiens-in-the-18th-century-2\/\" tabindex=\"-1\" >\n\t\t\t<div class=\"elementor-post__thumbnail\"><img loading=\"lazy\" decoding=\"async\" width=\"241\" height=\"300\" src=\"https:\/\/framemuseums.org\/new\/wp-content\/uploads\/2020\/12\/Cover-Le-Monde-a\u0300-porte\u0301e-de-sens-241x300.jpg\" class=\"attachment-medium size-medium wp-image-3568\" alt=\"\" srcset=\"https:\/\/framemuseums.org\/new\/wp-content\/uploads\/2020\/12\/Cover-Le-Monde-a\u0300-porte\u0301e-de-sens-241x300.jpg 241w, https:\/\/framemuseums.org\/new\/wp-content\/uploads\/2020\/12\/Cover-Le-Monde-a\u0300-porte\u0301e-de-sens.jpg 458w\" sizes=\"(max-width: 241px) 100vw, 241px\" \/><\/div>\n\t\t<\/a>\n\t\t\t\t<div class=\"elementor-post__text\">\n\t\t\t\t<h3 class=\"elementor-post__title\">\n\t\t\t<a href=\"https:\/\/framemuseums.org\/fr\/le-monde-a-portee-de-sens-a-cabinet-of-curiosities-at-christophe-paul-de-robiens-in-the-18th-century-2\/\" >\n\t\t\t\tLe Monde \u00e0 port\u00e9e de sens: A cabinet of curiosities at Christophe-Paul de Robien&#8217;s in the 18th century\t\t\t<\/a>\n\t\t<\/h3>\n\t\t\t\t<div class=\"elementor-post__meta-data\">\n\t\t\t\t\t<span class=\"elementor-post-date\">\n\t\t\td\u00e9cembre 17, 2020\t\t<\/span>\n\t\t\t\t<\/div>\n\t\t\t\t<div class=\"elementor-post__excerpt\">\n\t\t\t<p>The Mus\u00e9e des Beaux-Arts in Rennes has just published Le Monde \u00e0 port\u00e9e de sens: A cabinet of curiosities at Christophe-Paul de Robien&#8217;s in the<\/p>\n\t\t<\/div>\n\t\t\n\t\t<a class=\"elementor-post__read-more\" href=\"https:\/\/framemuseums.org\/fr\/le-monde-a-portee-de-sens-a-cabinet-of-curiosities-at-christophe-paul-de-robiens-in-the-18th-century-2\/\" aria-label=\"En savoir plus sur Le Monde \u00e0 port\u00e9e de sens: A cabinet of curiosities at Christophe-Paul de Robien&#8217;s in the 18th century\" tabindex=\"-1\" >\n\t\t\tRead More \u00bb\t\t<\/a>\n\n\t\t\t\t<\/div>\n\t\t\t\t<\/article>\n\t\t\t\t<article class=\"elementor-post elementor-grid-item post-761 post type-post status-publish format-standard has-post-thumbnail hentry category-publications\" role=\"listitem\">\n\t\t\t\t<a class=\"elementor-post__thumbnail__link\" href=\"https:\/\/framemuseums.org\/fr\/frame-20th-anniversary-book\/\" tabindex=\"-1\" >\n\t\t\t<div class=\"elementor-post__thumbnail\"><img loading=\"lazy\" decoding=\"async\" width=\"300\" height=\"300\" src=\"https:\/\/framemuseums.org\/new\/wp-content\/uploads\/2020\/05\/frame_logo_final.jpg\" class=\"attachment-medium size-medium wp-image-1644\" alt=\"\" srcset=\"https:\/\/framemuseums.org\/new\/wp-content\/uploads\/2020\/05\/frame_logo_final.jpg 300w, https:\/\/framemuseums.org\/new\/wp-content\/uploads\/2020\/05\/frame_logo_final-150x150.jpg 150w\" sizes=\"(max-width: 300px) 100vw, 300px\" \/><\/div>\n\t\t<\/a>\n\t\t\t\t<div class=\"elementor-post__text\">\n\t\t\t\t<h3 class=\"elementor-post__title\">\n\t\t\t<a href=\"https:\/\/framemuseums.org\/fr\/frame-20th-anniversary-book\/\" >\n\t\t\t\tFRAME 20TH ANNIVERSARY BOOK\t\t\t<\/a>\n\t\t<\/h3>\n\t\t\t\t<div class=\"elementor-post__meta-data\">\n\t\t\t\t\t<span class=\"elementor-post-date\">\n\t\t\tnovembre 18, 2019\t\t<\/span>\n\t\t\t\t<\/div>\n\t\t\t\t<div class=\"elementor-post__excerpt\">\n\t\t\t<p>20 years of cultural exchanges, shared programs and mutual understanding between France and North America have been reunited in this anniversary book.<\/p>\n\t\t<\/div>\n\t\t\n\t\t<a class=\"elementor-post__read-more\" href=\"https:\/\/framemuseums.org\/fr\/frame-20th-anniversary-book\/\" aria-label=\"En savoir plus sur FRAME 20TH ANNIVERSARY BOOK\" tabindex=\"-1\" >\n\t\t\tRead More \u00bb\t\t<\/a>\n\n\t\t\t\t<\/div>\n\t\t\t\t<\/article>\n\t\t\t\t<article class=\"elementor-post elementor-grid-item post-2443 post type-post status-publish format-standard has-post-thumbnail hentry category-publications\" role=\"listitem\">\n\t\t\t\t<a class=\"elementor-post__thumbnail__link\" href=\"https:\/\/framemuseums.org\/fr\/eloge-du-sentiment-et-de-la-sensibilite-peintures-francaises-du-xviiie-siecle-des-collections-de-bretagne\/\" tabindex=\"-1\" >\n\t\t\t<div class=\"elementor-post__thumbnail\"><img loading=\"lazy\" decoding=\"async\" width=\"235\" height=\"300\" src=\"https:\/\/framemuseums.org\/new\/wp-content\/uploads\/2020\/06\/Eloge-du-Sentiment-et-de-la-Sensibilit\u00e9-235x300.jpg\" class=\"attachment-medium size-medium wp-image-2444\" alt=\"\" srcset=\"https:\/\/framemuseums.org\/new\/wp-content\/uploads\/2020\/06\/Eloge-du-Sentiment-et-de-la-Sensibilit\u00e9-235x300.jpg 235w, https:\/\/framemuseums.org\/new\/wp-content\/uploads\/2020\/06\/Eloge-du-Sentiment-et-de-la-Sensibilit\u00e9-803x1024.jpg 803w, https:\/\/framemuseums.org\/new\/wp-content\/uploads\/2020\/06\/Eloge-du-Sentiment-et-de-la-Sensibilit\u00e9-768x979.jpg 768w, https:\/\/framemuseums.org\/new\/wp-content\/uploads\/2020\/06\/Eloge-du-Sentiment-et-de-la-Sensibilit\u00e9-1205x1536.jpg 1205w, https:\/\/framemuseums.org\/new\/wp-content\/uploads\/2020\/06\/Eloge-du-Sentiment-et-de-la-Sensibilit\u00e9.jpg 1400w\" sizes=\"(max-width: 235px) 100vw, 235px\" \/><\/div>\n\t\t<\/a>\n\t\t\t\t<div class=\"elementor-post__text\">\n\t\t\t\t<h3 class=\"elementor-post__title\">\n\t\t\t<a href=\"https:\/\/framemuseums.org\/fr\/eloge-du-sentiment-et-de-la-sensibilite-peintures-francaises-du-xviiie-siecle-des-collections-de-bretagne\/\" >\n\t\t\t\t\u00c9loge du sentiment et de la sensibilit\u00e9 : Peintures fran\u00e7aises du XVIIIe si\u00e8cle des collections de Bretagne\t\t\t<\/a>\n\t\t<\/h3>\n\t\t\t\t<div class=\"elementor-post__meta-data\">\n\t\t\t\t\t<span class=\"elementor-post-date\">\n\t\t\tmai 4, 2019\t\t<\/span>\n\t\t\t\t<\/div>\n\t\t\t\t<div class=\"elementor-post__excerpt\">\n\t\t\t<p>Sous la direction de Guillaume Kazerouni et de Adeline Collange-Perugi Editeur : Snoeck ; Premi\u00e8re \u00e9dition (2019) Reli\u00e9 : 367 pages | Langue : Fran\u00e7ais<\/p>\n\t\t<\/div>\n\t\t\n\t\t<a class=\"elementor-post__read-more\" href=\"https:\/\/framemuseums.org\/fr\/eloge-du-sentiment-et-de-la-sensibilite-peintures-francaises-du-xviiie-siecle-des-collections-de-bretagne\/\" aria-label=\"En savoir plus sur \u00c9loge du sentiment et de la sensibilit\u00e9 : Peintures fran\u00e7aises du XVIIIe si\u00e8cle des collections de Bretagne\" tabindex=\"-1\" >\n\t\t\tRead More \u00bb\t\t<\/a>\n\n\t\t\t\t<\/div>\n\t\t\t\t<\/article>\n\t\t\t\t<\/div>\n\t\t\n\t\t\t\t<div class=\"e-load-more-anchor\" data-page=\"1\" data-max-page=\"4\" data-next-page=\"https:\/\/framemuseums.org\/fr\/wp-json\/wp\/v2\/pages\/1820\/page\/2\/\"><\/div>\n\t\t\t\t<nav class=\"elementor-pagination\" aria-label=\"Pagination\">\n\t\t\t<span aria-current=\"page\" class=\"page-numbers current\"><span class=\"elementor-screen-only\">Page<\/span>1<\/span>\n<a class=\"page-numbers\" href=\"https:\/\/framemuseums.org\/fr\/wp-json\/wp\/v2\/pages\/1820\/page\/2\/\"><span class=\"elementor-screen-only\">Page<\/span>2<\/a>\n<a class=\"page-numbers\" href=\"https:\/\/framemuseums.org\/fr\/wp-json\/wp\/v2\/pages\/1820\/page\/3\/\"><span class=\"elementor-screen-only\">Page<\/span>3<\/a>\n<a class=\"page-numbers\" href=\"https:\/\/framemuseums.org\/fr\/wp-json\/wp\/v2\/pages\/1820\/page\/4\/\"><span class=\"elementor-screen-only\">Page<\/span>4<\/a>\t\t<\/nav>\n\t\t\t\t\t\t<\/div>\n\t\t\t\t<\/div>\n\t\t\t\t\t<\/div>\n\t\t<\/div>\n\t\t\t\t\t<\/div>\n\t\t<\/section>\n\t\t\t\t<\/div>","protected":false},"excerpt":{"rendered":"<p>FRAME has a commitment to scholarship and to creating collaborations between French and North American member museums. The following publications, mainly authored by French and North American curators and scholars, have been published to accompany FRAME exhibitions and to extend international understanding of the material. Reader\u2019s note: some books were published in one language only. [&hellip;]<\/p>\n","protected":false},"author":300,"featured_media":0,"parent":0,"menu_order":0,"comment_status":"closed","ping_status":"closed","template":"","meta":{"_exactmetrics_skip_tracking":false,"_exactmetrics_sitenote_active":false,"_exactmetrics_sitenote_note":"","_exactmetrics_sitenote_category":0,"footnotes":""},"class_list":["post-1820","page","type-page","status-publish","hentry"],"aioseo_notices":[],"_links":{"self":[{"href":"https:\/\/framemuseums.org\/fr\/wp-json\/wp\/v2\/pages\/1820","targetHints":{"allow":["GET"]}}],"collection":[{"href":"https:\/\/framemuseums.org\/fr\/wp-json\/wp\/v2\/pages"}],"about":[{"href":"https:\/\/framemuseums.org\/fr\/wp-json\/wp\/v2\/types\/page"}],"author":[{"embeddable":true,"href":"https:\/\/framemuseums.org\/fr\/wp-json\/wp\/v2\/users\/300"}],"replies":[{"embeddable":true,"href":"https:\/\/framemuseums.org\/fr\/wp-json\/wp\/v2\/comments?post=1820"}],"version-history":[{"count":8,"href":"https:\/\/framemuseums.org\/fr\/wp-json\/wp\/v2\/pages\/1820\/revisions"}],"predecessor-version":[{"id":2710,"href":"https:\/\/framemuseums.org\/fr\/wp-json\/wp\/v2\/pages\/1820\/revisions\/2710"}],"wp:attachment":[{"href":"https:\/\/framemuseums.org\/fr\/wp-json\/wp\/v2\/media?parent=1820"}],"curies":[{"name":"wp","href":"https:\/\/api.w.org\/{rel}","templated":true}]}}