{"id":1990,"date":"2020-05-29T11:43:59","date_gmt":"2020-05-29T15:43:59","guid":{"rendered":"https:\/\/framemuseums.org\/new\/?page_id=1990"},"modified":"2024-12-14T10:50:41","modified_gmt":"2024-12-14T15:50:41","slug":"online-collections","status":"publish","type":"page","link":"http:\/\/framemuseums.org\/fr\/online-collections\/","title":{"rendered":"Online Collections"},"content":{"rendered":"<div data-elementor-type=\"wp-page\" data-elementor-id=\"1990\" class=\"elementor elementor-1990\" data-elementor-post-type=\"page\">\n\t\t\t\t\t\t<section class=\"elementor-section elementor-top-section elementor-element elementor-element-00d201f elementor-section-boxed elementor-section-height-default elementor-section-height-default\" data-id=\"00d201f\" data-element_type=\"section\">\n\t\t\t\t\t\t<div class=\"elementor-container elementor-column-gap-default\">\n\t\t\t\t\t<div class=\"elementor-column elementor-col-100 elementor-top-column elementor-element elementor-element-2a49a53\" data-id=\"2a49a53\" data-element_type=\"column\">\n\t\t\t<div class=\"elementor-widget-wrap elementor-element-populated\">\n\t\t\t\t\t\t<div class=\"elementor-element elementor-element-25c334e elementor-widget elementor-widget-heading\" data-id=\"25c334e\" data-element_type=\"widget\" data-widget_type=\"heading.default\">\n\t\t\t\t<div class=\"elementor-widget-container\">\n\t\t\t\t\t<h2 class=\"elementor-heading-title elementor-size-default\">Member Museums Online Collections<\/h2>\t\t\t\t<\/div>\n\t\t\t\t<\/div>\n\t\t\t\t<div class=\"elementor-element elementor-element-9cb28ef elementor-widget elementor-widget-text-editor\" data-id=\"9cb28ef\" data-element_type=\"widget\" data-widget_type=\"text-editor.default\">\n\t\t\t\t<div class=\"elementor-widget-container\">\n\t\t\t\t\t\t\t\t\t<p>The following links will take you to view our member museums&#8217; online collections.<\/p>\t\t\t\t\t\t\t\t<\/div>\n\t\t\t\t<\/div>\n\t\t\t\t\t<\/div>\n\t\t<\/div>\n\t\t\t\t\t<\/div>\n\t\t<\/section>\n\t\t\t\t<section class=\"elementor-section elementor-top-section elementor-element elementor-element-f64e0ff elementor-section-boxed elementor-section-height-default elementor-section-height-default\" data-id=\"f64e0ff\" data-element_type=\"section\">\n\t\t\t\t\t\t<div class=\"elementor-container elementor-column-gap-default\">\n\t\t\t\t\t<div class=\"elementor-column elementor-col-33 elementor-top-column elementor-element elementor-element-791255e\" data-id=\"791255e\" data-element_type=\"column\">\n\t\t\t<div class=\"elementor-widget-wrap elementor-element-populated\">\n\t\t\t\t\t\t<div class=\"elementor-element elementor-element-cd6a357 elementor-widget elementor-widget-menu-anchor\" data-id=\"cd6a357\" data-element_type=\"widget\" data-widget_type=\"menu-anchor.default\">\n\t\t\t\t<div class=\"elementor-widget-container\">\n\t\t\t\t\t\t\t<div class=\"elementor-menu-anchor\" id=\"france\"><\/div>\n\t\t\t\t\t\t<\/div>\n\t\t\t\t<\/div>\n\t\t\t\t<div class=\"elementor-element elementor-element-235aaa7 elementor-widget elementor-widget-heading\" data-id=\"235aaa7\" data-element_type=\"widget\" data-widget_type=\"heading.default\">\n\t\t\t\t<div class=\"elementor-widget-container\">\n\t\t\t\t\t<h2 class=\"elementor-heading-title elementor-size-default\">French Museums<\/h2>\t\t\t\t<\/div>\n\t\t\t\t<\/div>\n\t\t\t\t<div class=\"elementor-element elementor-element-396f375 elementor-widget elementor-widget-text-editor\" data-id=\"396f375\" data-element_type=\"widget\" data-widget_type=\"text-editor.default\">\n\t\t\t\t<div class=\"elementor-widget-container\">\n\t\t\t\t\t\t\t\t\t<p><a href=\"http:\/\/musee-aquitaine.opacweb.fr\/fr\/\" target=\"_blank\" rel=\"noopener\">Mus\u00e9e d&#8217;Aquitaine, Bordeaux<\/a><\/p><p><a href=\"https:\/\/mba.tours.fr\/90-toutes-les-collections.htm\" target=\"_blank\" rel=\"noopener\">Mus\u00e9e des Beaux-Arts de Bordeaux<\/a><\/p><p><a href=\"https:\/\/www.navigart.fr\/capc\/#\/artworks\" target=\"_blank\" rel=\"noopener\">CAPC, mus\u00e9e d&#8217;art contemporain de Bordeaux<\/a><\/p><p><a href=\"http:\/\/mba-collections.dijon.fr\/ow4\/mba\/index.xsp\" target=\"_blank\" rel=\"noopener\">Mus\u00e9es et patrimoine de Dijon<\/a><\/p><p><a href=\"http:\/\/www.pba-lille.fr\/en\/Collections\/Highlights\" target=\"_blank\" rel=\"noopener\">Palais des Beaux-Arts de Lille\u00a0<\/a><\/p><p><a href=\"http:\/\/collections.mba-lyon.fr\/fr\/\" target=\"_blank\" rel=\"noopener\">Mus\u00e9e des Beaux-Arts de Lyon<\/a><\/p><p><a href=\"https:\/\/www.navigart.fr\/mac-lyon\/#\/artworks\" target=\"_blank\" rel=\"noopener\">Mus\u00e9e d&#8217;art contemporain de Lyon<\/a><\/p><p><a href=\"http:\/\/collections.musees.marseille.fr\/fr\/\" target=\"_blank\" rel=\"noopener\">Mus\u00e9es de Marseille<\/a><\/p><p><a href=\"https:\/\/museefabre.montpellier3m.fr\/nos-chefs-doeuvre\" target=\"_blank\" rel=\"noopener\">Mus\u00e9e Fabre, Montpellier <\/a><\/p><p><a href=\"https:\/\/musee-des-beaux-arts.nancy.fr\/en\/the-collections-3207.html\" target=\"_blank\" rel=\"noopener\">Mus\u00e9e des Beaux-Arts de Nancy<\/a><\/p><p><a href=\"https:\/\/musee-ecole-de-nancy.nancy.fr\/les-collections-2674.html\" target=\"_blank\" rel=\"noopener\">Mus\u00e9e de l&#8217;Ecole de Nancy<\/a><\/p><p><a href=\"https:\/\/musee-lorrain.nancy.fr\/fr\/collections\/les-oeuvres-majeures\/\" target=\"_blank\" rel=\"noopener\">Palais des ducs de lorraine, mus\u00e9e lorrain, Nancy<\/a><\/p><p><a href=\"https:\/\/museedartsdenantes.nantesmetropole.fr\/collections\" target=\"_blank\" rel=\"noopener\">Mus\u00e9e d&#8217;arts de Nantes<\/a><\/p><p><a href=\"https:\/\/www.musee-orsay.fr\/fr\/collections\" target=\"_blank\" rel=\"noopener\">Mus\u00e9e d&#8217;Orsay, Paris<\/a><\/p><p><a href=\"https:\/\/www.musee-orangerie.fr\/fr\/collection\" target=\"_blank\" rel=\"noopener\">Mus\u00e9e de l&#8217;Orangerie, Paris<\/a><\/p><p><a href=\"http:\/\/www.petitpalais.paris.fr\/en\/collections\/presentation\" target=\"_blank\" rel=\"noopener\">Petit Palais: Mus\u00e9e des Beaux-Arts de la Ville de Paris\u00a0<\/a><\/p><p><a href=\"http:\/\/mba.rennes.fr\/fr\/le-musee\/les-incontournables-du-musee\/\" target=\"_blank\" rel=\"noopener\">Mus\u00e9e des Beaux-Arts de Rennes<\/a><\/p><p><a href=\"https:\/\/mbarouen.fr\/en\" target=\"_blank\" rel=\"noopener\">Mus\u00e9e des Beaux-Arts de Rouen<\/a><\/p><p><a href=\"https:\/\/museedelaceramique.fr\/en\" target=\"_blank\" rel=\"noopener\">Mus\u00e9e de la C\u00e9ramique, Rouen<\/a><\/p><p><a href=\"https:\/\/museelesecqdestournelles.fr\/en\" target=\"_blank\" rel=\"noopener\">Mus\u00e9e Le Secq des Tournelles, Rouen<\/a><\/p><p><a href=\"https:\/\/museedesantiquites.fr\/en\" target=\"_blank\" rel=\"noopener\">Mus\u00e9e des Antiquit\u00e9s, Rouen<\/a><\/p><p><a href=\"https:\/\/museumderouen.fr\/en\" target=\"_blank\" rel=\"noopener\">Museum d&#8217;Histoire naturelle, Rouen<\/a><\/p><p><a href=\"https:\/\/corderievallois.fr\/en\" target=\"_blank\" rel=\"noopener\">Mus\u00e9e de la Corderie Vallois, Rouen<\/a><\/p><p><a href=\"https:\/\/lafabriquedessavoirs.fr\/en\" target=\"_blank\" rel=\"noopener\">La Fabrique des Savoirs, Rouen<\/a><\/p><p><a href=\"https:\/\/museepierrecorneille.fr\/en\" target=\"_blank\" rel=\"noopener\">Mus\u00e9e Pierre Corneille, Rouen<\/a><\/p><p><a href=\"https:\/\/www.navigart.fr\/MAMC-saint-etienne-collections\/#\/artworks\" target=\"_blank\" rel=\"noopener\">Mus\u00e9e d&#8217;art moderne et contemporain de Saint-Etienne<\/a><\/p><p><a href=\"https:\/\/www.musees.strasbourg.eu\/explorer-les-oeuvres\" target=\"_blank\" rel=\"noopener\">Mus\u00e9es de Strasbourg<\/a><\/p><p><a href=\"https:\/\/augustins.org\/fr\/search-notice\" target=\"_blank\" rel=\"noopener\">Mus\u00e9e des Augustins, Toulouse<\/a><\/p><p><a href=\"http:\/\/www.mba.tours.fr\/90-toutes-les-collections.htm\" target=\"_blank\" rel=\"noopener\">Mus\u00e9e des Beaux-Arts de Tours<\/a><\/p>\t\t\t\t\t\t\t\t<\/div>\n\t\t\t\t<\/div>\n\t\t\t\t\t<\/div>\n\t\t<\/div>\n\t\t\t\t<div class=\"elementor-column elementor-col-33 elementor-top-column elementor-element elementor-element-aaac364\" data-id=\"aaac364\" data-element_type=\"column\">\n\t\t\t<div class=\"elementor-widget-wrap elementor-element-populated\">\n\t\t\t\t\t\t<div class=\"elementor-element elementor-element-cc7cb56 elementor-widget elementor-widget-image\" data-id=\"cc7cb56\" data-element_type=\"widget\" data-widget_type=\"image.default\">\n\t\t\t\t<div class=\"elementor-widget-container\">\n\t\t\t\t\t\t\t\t\t\t\t\t\t\t\t<img fetchpriority=\"high\" decoding=\"async\" width=\"800\" height=\"793\" src=\"https:\/\/framemuseums.org\/new\/wp-content\/uploads\/2020\/05\/img-094.png\" class=\"attachment-large size-large wp-image-1583\" alt=\"\" srcset=\"https:\/\/framemuseums.org\/new\/wp-content\/uploads\/2020\/05\/img-094.png 926w, https:\/\/framemuseums.org\/new\/wp-content\/uploads\/2020\/05\/img-094-300x297.png 300w, https:\/\/framemuseums.org\/new\/wp-content\/uploads\/2020\/05\/img-094-150x150.png 150w, https:\/\/framemuseums.org\/new\/wp-content\/uploads\/2020\/05\/img-094-768x761.png 768w\" sizes=\"(max-width: 800px) 100vw, 800px\" \/>\t\t\t\t\t\t\t\t\t\t\t\t\t\t\t<\/div>\n\t\t\t\t<\/div>\n\t\t\t\t<div class=\"elementor-element elementor-element-74c918a elementor-widget elementor-widget-spacer\" data-id=\"74c918a\" data-element_type=\"widget\" data-widget_type=\"spacer.default\">\n\t\t\t\t<div class=\"elementor-widget-container\">\n\t\t\t\t\t\t\t<div class=\"elementor-spacer\">\n\t\t\t<div class=\"elementor-spacer-inner\"><\/div>\n\t\t<\/div>\n\t\t\t\t\t\t<\/div>\n\t\t\t\t<\/div>\n\t\t\t\t<div class=\"elementor-element elementor-element-f07e9cf elementor-widget elementor-widget-image\" data-id=\"f07e9cf\" data-element_type=\"widget\" data-widget_type=\"image.default\">\n\t\t\t\t<div class=\"elementor-widget-container\">\n\t\t\t\t\t\t\t\t\t\t\t\t\t\t\t<img decoding=\"async\" width=\"600\" height=\"992\" src=\"https:\/\/framemuseums.org\/new\/wp-content\/uploads\/2020\/05\/img-109.png\" class=\"attachment-large size-large wp-image-1590\" alt=\"\" srcset=\"https:\/\/framemuseums.org\/new\/wp-content\/uploads\/2020\/05\/img-109.png 600w, https:\/\/framemuseums.org\/new\/wp-content\/uploads\/2020\/05\/img-109-181x300.png 181w\" sizes=\"(max-width: 600px) 100vw, 600px\" \/>\t\t\t\t\t\t\t\t\t\t\t\t\t\t\t<\/div>\n\t\t\t\t<\/div>\n\t\t\t\t<div class=\"elementor-element elementor-element-62327cd elementor-widget elementor-widget-spacer\" data-id=\"62327cd\" data-element_type=\"widget\" data-widget_type=\"spacer.default\">\n\t\t\t\t<div class=\"elementor-widget-container\">\n\t\t\t\t\t\t\t<div class=\"elementor-spacer\">\n\t\t\t<div class=\"elementor-spacer-inner\"><\/div>\n\t\t<\/div>\n\t\t\t\t\t\t<\/div>\n\t\t\t\t<\/div>\n\t\t\t\t<div class=\"elementor-element elementor-element-89fb7d4 elementor-widget elementor-widget-image\" data-id=\"89fb7d4\" data-element_type=\"widget\" data-widget_type=\"image.default\">\n\t\t\t\t<div class=\"elementor-widget-container\">\n\t\t\t\t\t\t\t\t\t\t\t\t\t\t\t<img decoding=\"async\" width=\"460\" height=\"646\" src=\"https:\/\/framemuseums.org\/new\/wp-content\/uploads\/2020\/06\/Chinese-Art.jpg\" class=\"attachment-large size-large wp-image-3266\" alt=\"\" srcset=\"https:\/\/framemuseums.org\/new\/wp-content\/uploads\/2020\/06\/Chinese-Art.jpg 460w, https:\/\/framemuseums.org\/new\/wp-content\/uploads\/2020\/06\/Chinese-Art-214x300.jpg 214w\" sizes=\"(max-width: 460px) 100vw, 460px\" \/>\t\t\t\t\t\t\t\t\t\t\t\t\t\t\t<\/div>\n\t\t\t\t<\/div>\n\t\t\t\t\t<\/div>\n\t\t<\/div>\n\t\t\t\t<div class=\"elementor-column elementor-col-33 elementor-top-column elementor-element elementor-element-84ff0b1\" data-id=\"84ff0b1\" data-element_type=\"column\">\n\t\t\t<div class=\"elementor-widget-wrap elementor-element-populated\">\n\t\t\t\t\t\t<div class=\"elementor-element elementor-element-d63b56c elementor-widget elementor-widget-menu-anchor\" data-id=\"d63b56c\" data-element_type=\"widget\" data-widget_type=\"menu-anchor.default\">\n\t\t\t\t<div class=\"elementor-widget-container\">\n\t\t\t\t\t\t\t<div class=\"elementor-menu-anchor\" id=\"america\"><\/div>\n\t\t\t\t\t\t<\/div>\n\t\t\t\t<\/div>\n\t\t\t\t<div class=\"elementor-element elementor-element-cdc9f0c elementor-widget elementor-widget-heading\" data-id=\"cdc9f0c\" data-element_type=\"widget\" data-widget_type=\"heading.default\">\n\t\t\t\t<div class=\"elementor-widget-container\">\n\t\t\t\t\t<h2 class=\"elementor-heading-title elementor-size-default\">North American Museums<\/h2>\t\t\t\t<\/div>\n\t\t\t\t<\/div>\n\t\t\t\t<div class=\"elementor-element elementor-element-e02c001 elementor-widget elementor-widget-text-editor\" data-id=\"e02c001\" data-element_type=\"widget\" data-widget_type=\"text-editor.default\">\n\t\t\t\t<div class=\"elementor-widget-container\">\n\t\t\t\t\t\t\t\t\t<p><a href=\"https:\/\/www.albrightknox.org\/art\/collection\" target=\"_blank\" rel=\"noopener\">Buffalo AKG Art Museum<\/a><\/p><p><a href=\"http:\/\/www.clevelandart.org\/art\/collections\" target=\"_blank\" rel=\"noopener\">Cleveland Museum of Art<\/a><\/p><p><a href=\"https:\/\/denverartmuseum.org\/collection\/\" target=\"_blank\" rel=\"noopener\">Denver Art Museum<\/a><\/p><p><a href=\"https:\/\/art.famsf.org\/\" target=\"_blank\" rel=\"noopener\">Fine Arts Museums of San Francisco<\/a><\/p><p><a href=\"https:\/\/collections.lacma.org\/\" target=\"_blank\" rel=\"noopener\">Los Angeles County Museum of Art<\/a><\/p><p><a href=\"https:\/\/new.artsmia.org\/art-artists\" target=\"_blank\" rel=\"noopener\">Minneapolis Institute of Art<\/a><\/p><p><a href=\"https:\/\/www.mbam.qc.ca\/en\/collections\/#\" target=\"_blank\" rel=\"noopener\">Montreal Museum of Fine Arts<\/a>\u00a0<\/p><p><a href=\"https:\/\/www.mfah.org\/art\/\" target=\"_blank\" rel=\"noopener\">Museum of Fine Arts, Houston<\/a>\u00a0<\/p><p><a href=\"https:\/\/art.nelson-atkins.org\/collections\" target=\"_blank\" rel=\"noopener\">Nelson-Atkins Museum of Art<\/a><\/p><p><a href=\"http:\/\/www.portlandartmuseum.us\/mwebcgi\/mweb.exe?request=home\" target=\"_blank\" rel=\"noopener\">Portland Art Museum<\/a><\/p><p><a href=\"http:\/\/www.slam.org\/collections\/\" target=\"_blank\" rel=\"noopener\">Saint Louis Art Museum<\/a><\/p><p><a href=\"http:\/\/www.clarkart.edu\/museum\/Collections\/Browse-Collections#\/?sortBy=2&amp;FacetId=1\" target=\"_blank\" rel=\"noopener\">The Sterling and Francine Clark Art Institute<\/a><\/p><p><a href=\"https:\/\/www.vmfa.museum\/collections\/\" target=\"_blank\" rel=\"noopener\">Virginia Museum of Fine Arts<\/a><\/p>\t\t\t\t\t\t\t\t<\/div>\n\t\t\t\t<\/div>\n\t\t\t\t\t<\/div>\n\t\t<\/div>\n\t\t\t\t\t<\/div>\n\t\t<\/section>\n\t\t\t\t<\/div>","protected":false},"excerpt":{"rendered":"<p>Member Museums Online Collections The following links will take you to view our member museums&#8217; online collections. French Museums Mus\u00e9e d&#8217;Aquitaine, Bordeaux Mus\u00e9e des Beaux-Arts de Bordeaux CAPC, mus\u00e9e d&#8217;art contemporain de Bordeaux Mus\u00e9es et patrimoine de Dijon Palais des Beaux-Arts de Lille\u00a0 Mus\u00e9e des Beaux-Arts de Lyon Mus\u00e9e d&#8217;art contemporain de Lyon Mus\u00e9es de [&hellip;]<\/p>\n","protected":false},"author":300,"featured_media":0,"parent":0,"menu_order":0,"comment_status":"closed","ping_status":"closed","template":"","meta":{"_exactmetrics_skip_tracking":false,"_exactmetrics_sitenote_active":false,"_exactmetrics_sitenote_note":"","_exactmetrics_sitenote_category":0,"footnotes":""},"class_list":["post-1990","page","type-page","status-publish","hentry"],"aioseo_notices":[],"_links":{"self":[{"href":"http:\/\/framemuseums.org\/fr\/wp-json\/wp\/v2\/pages\/1990","targetHints":{"allow":["GET"]}}],"collection":[{"href":"http:\/\/framemuseums.org\/fr\/wp-json\/wp\/v2\/pages"}],"about":[{"href":"http:\/\/framemuseums.org\/fr\/wp-json\/wp\/v2\/types\/page"}],"author":[{"embeddable":true,"href":"http:\/\/framemuseums.org\/fr\/wp-json\/wp\/v2\/users\/300"}],"replies":[{"embeddable":true,"href":"http:\/\/framemuseums.org\/fr\/wp-json\/wp\/v2\/comments?post=1990"}],"version-history":[{"count":55,"href":"http:\/\/framemuseums.org\/fr\/wp-json\/wp\/v2\/pages\/1990\/revisions"}],"predecessor-version":[{"id":5670,"href":"http:\/\/framemuseums.org\/fr\/wp-json\/wp\/v2\/pages\/1990\/revisions\/5670"}],"wp:attachment":[{"href":"http:\/\/framemuseums.org\/fr\/wp-json\/wp\/v2\/media?parent=1990"}],"curies":[{"name":"wp","href":"https:\/\/api.w.org\/{rel}","templated":true}]}}